{"id":39,"date":"2023-01-16T13:14:25","date_gmt":"2023-01-16T13:14:25","guid":{"rendered":"https:\/\/bikeandbarge-tours.com\/about-us\/"},"modified":"2024-07-30T06:38:42","modified_gmt":"2024-07-30T06:38:42","slug":"o-nas","status":"publish","type":"page","link":"https:\/\/bikeandbarge-tours.com\/cs\/about-us\/","title":{"rendered":"O n\u00e1s"},"content":{"rendered":"<p>V\u00edtejte na str\u00e1nk\u00e1ch Bike and Barge Tours, kter\u00e9 v\u00e1m umo\u017en\u00ed prozkoumat <strong>Nejmalebn\u011bj\u0161\u00ed evropsk\u00e9 trasy na kole a lod\u00ed<\/strong>.&nbsp;<\/p>\n\n\n\n<p>Jako jeden z <strong>nejrychleji rostouc\u00ed spole\u010dnosti v tomto oboru<\/strong>, jsme se rychle prosadili d\u00edky zam\u011b\u0159en\u00ed na kvalitn\u00ed z\u00e1\u017eitky, spokojenost z\u00e1kazn\u00edk\u016f a a<strong> rozmanit\u00e1 nab\u00eddka z\u00e1jezd\u016f<\/strong> kter\u00e9 vyhovuj\u00ed v\u0161em typ\u016fm cestovatel\u016f.&nbsp;<\/p>\n\n\n\n<p>A\u0165 u\u017e se sem vyd\u00e1te na pohodovou j\u00edzdu, nebo na aktivn\u00ed dobrodru\u017estv\u00ed, sna\u017e\u00edme se, aby va\u0161e cesta byla nezapomenuteln\u00e1.<\/p>\n\n\n\n<figure class=\"wp-block-image size-full\"><img loading=\"lazy\" decoding=\"async\" width=\"800\" height=\"534\" src=\"http:\/\/bikeandbarge-tours.com\/wp-content\/uploads\/c-f-friesland-schapenpad-1.webp\" alt=\"C friesland schapenpad\" class=\"wp-image-1118\" srcset=\"https:\/\/bikeandbarge-tours.com\/wp-content\/uploads\/c-f-friesland-schapenpad-1.webp 800w, https:\/\/bikeandbarge-tours.com\/wp-content\/uploads\/c-f-friesland-schapenpad-1-300x200.webp 300w, https:\/\/bikeandbarge-tours.com\/wp-content\/uploads\/c-f-friesland-schapenpad-1-768x513.webp 768w, https:\/\/bikeandbarge-tours.com\/wp-content\/uploads\/c-f-friesland-schapenpad-1-18x12.webp 18w\" sizes=\"auto, (max-width: 800px) 100vw, 800px\" \/><figcaption class=\"wp-element-caption\">Pronikn\u011bte do na\u0161ich dobrodru\u017estv\u00ed na kole a na \u010dlunu <\/figcaption><\/figure>\n\n\n\n<h2 class=\"wp-block-heading\">P\u0159ijet\u00ed evropsk\u00e9 rozmanitosti<\/h2>\n\n\n\n<p>N\u00e1\u0161 milostn\u00fd vztah s <strong>Evropa<\/strong> je hluboce zako\u0159en\u011bn\u00e1 ve sv\u00e9 <strong>rozmanitost<\/strong>, kde ka\u017ed\u00e1 z\u00e1kruta cesty nebo \u0159eky odhaluje nov\u00fd v\u00fdhled, novou v\u00fdzvu a jin\u00fd p\u0159\u00edb\u011bh. Od sluncem pol\u00edben\u00fdch vinic Francie po historick\u00e9 vodn\u00ed cesty Nizozemska - na\u0161e z\u00e1jezdy jsou navr\u017eeny tak, aby oslavovaly... <strong>nes\u010detn\u00e9 mno\u017estv\u00ed aktivit<\/strong> co Evropa nab\u00edz\u00ed.<\/p>\n\n\n\n<p>Vzhledem k tomu, \u017ee ji\u017e m\u00e1me siln\u00e9 zastoupen\u00ed v jednotliv\u00fdch evropsk\u00fdch zem\u00edch, bylo pro n\u00e1s roz\u0161\u00ed\u0159en\u00ed na\u0161ich obzor\u016f p\u0159irozen\u00fdm krokem.&nbsp;<\/p>\n\n\n\n<p>Na\u0161e <strong>expanze po cel\u00e9m kontinentu<\/strong> n\u00e1m umo\u017enila otev\u0159\u00edt sv\u011bt p\u0159\u00edle\u017eitost\u00ed pro v\u00edce cestovatel\u016f, a to jak pro pohodov\u00e9 jezdce, tak i pro odv\u00e1\u017en\u00e9 dobrodruhy s na\u0161imi <strong>nab\u00eddka v\u00fdlet\u016f na kolech a b\u00e1rk\u00e1ch.<\/strong><\/p>\n\n\n\n<figure class=\"wp-block-image size-full\"><img loading=\"lazy\" decoding=\"async\" width=\"800\" height=\"600\" src=\"http:\/\/bikeandbarge-tours.com\/wp-content\/uploads\/c-.webp\" alt=\"C\" class=\"wp-image-1104\" srcset=\"https:\/\/bikeandbarge-tours.com\/wp-content\/uploads\/c-.webp 800w, https:\/\/bikeandbarge-tours.com\/wp-content\/uploads\/c--300x225.webp 300w, https:\/\/bikeandbarge-tours.com\/wp-content\/uploads\/c--768x576.webp 768w, https:\/\/bikeandbarge-tours.com\/wp-content\/uploads\/c--16x12.webp 16w\" sizes=\"auto, (max-width: 800px) 100vw, 800px\" \/><figcaption class=\"wp-element-caption\">\u010cekaj\u00ed na v\u00e1s pr\u00e9miov\u00e9 lod\u011b<\/figcaption><\/figure>\n\n\n\n<h2 class=\"wp-block-heading\">Tlukot srdce na\u0161\u00ed spole\u010dnosti<\/h2>\n\n\n\n<p>N\u00e1\u0161 t\u00fdm je hnac\u00ed silou <strong>v\u00fdlety na kole a na \u010dlunu<\/strong>, kolektiv nad\u0161en\u00fdch jedinc\u016f, jejich\u017e srdce tlu\u010de v rytmu ped\u00e1l\u016f a \u0161plouch\u00e1n\u00ed vln. Jsme cyklist\u00e9, n\u00e1mo\u0159n\u00edci, objevitel\u00e9 a sn\u00edlci, kter\u00e9 spojuje spole\u010dn\u00fd c\u00edl: dos\u00e1hnout <strong>sd\u00edlet radost z objevov\u00e1n\u00ed<\/strong> a kr\u00e1su cestov\u00e1n\u00ed <strong>Nejkouzeln\u011bj\u0161\u00ed regiony Evropy<\/strong>.<\/p>\n\n\n\n<p>V\u011b\u0159\u00edme, \u017ee nejlep\u0161\u00ed dobrodru\u017estv\u00ed jsou ta, kde je postar\u00e1no o ka\u017ed\u00fd detail. Proto se star\u00e1me o ve\u0161kerou logistiku, od <strong>rezervace \u00fatuln\u00fdch b\u00e1rek<\/strong> k vypracov\u00e1n\u00ed podrobn\u00fdch itiner\u00e1\u0159\u016f a <strong>poskytov\u00e1n\u00ed tras GPS<\/strong>.&nbsp;<\/p>\n\n\n\n<p>N\u00e1\u0161 t\u00fdm podpory je <strong>k dispozici 24 hodin denn\u011b, 7 dn\u00ed v t\u00fddnu<\/strong>, co\u017e v\u00e1m zaru\u010d\u00ed, \u017ee se budete moci do z\u00e1\u017eitk\u016f pono\u0159it a \u017ee se<strong> nejlep\u0161\u00ed pr\u016fvodci <\/strong>v \u010dele.<\/p>\n\n\n\n<figure class=\"wp-block-image size-full\"><img loading=\"lazy\" decoding=\"async\" width=\"800\" height=\"534\" src=\"http:\/\/bikeandbarge-tours.com\/wp-content\/uploads\/f-ee-b-waterlinie-fietsroute-.webp\" alt=\"F ee b waterlinie fietsroute\" class=\"wp-image-990\" srcset=\"https:\/\/bikeandbarge-tours.com\/wp-content\/uploads\/f-ee-b-waterlinie-fietsroute-.webp 800w, https:\/\/bikeandbarge-tours.com\/wp-content\/uploads\/f-ee-b-waterlinie-fietsroute--300x200.webp 300w, https:\/\/bikeandbarge-tours.com\/wp-content\/uploads\/f-ee-b-waterlinie-fietsroute--768x513.webp 768w, https:\/\/bikeandbarge-tours.com\/wp-content\/uploads\/f-ee-b-waterlinie-fietsroute--18x12.webp 18w\" sizes=\"auto, (max-width: 800px) 100vw, 800px\" \/><figcaption class=\"wp-element-caption\">Prozkoumejte skryt\u00e9 klenoty Nizozemska\n<\/figcaption><\/figure>\n\n\n\n<h2 class=\"wp-block-heading\">Va\u0161e cesta \u010dek\u00e1<\/h2>\n\n\n\n<p>Zveme v\u00e1s, abyste se pono\u0159ili do<strong> <\/strong><a href=\"http:\/\/bikeandbarge-tours.com\/cs\/prohlidky\/\">r\u016fzn\u00e9 v\u00fdlety na kolech a b\u00e1rk\u00e1ch<\/a><strong> <\/strong>nab\u00edz\u00edme. A\u0165 u\u017e jste samostatn\u00fd cestovatel, nebo \u010dlen skupiny, na\u0161e v\u00fdlety jsou p\u0159izp\u016fsobeny va\u0161im pot\u0159eb\u00e1m. <strong>poskytnout pohlcuj\u00edc\u00ed z\u00e1\u017eitek<\/strong> kter\u00fd vyva\u017euje aktivn\u00ed dny s klidn\u00fdmi ve\u010dery.<\/p>\n\n\n\n<p>Nastupte a nechte se prov\u00e9st <strong>Nejkr\u00e1sn\u011bj\u0161\u00ed evropsk\u00e9 trasy<\/strong>, kde ka\u017ed\u00e1 zat\u00e1\u010dka je p\u0159\u00edb\u011bhem a ka\u017ed\u00e1 zast\u00e1vka vzpom\u00ednkou.&nbsp;<\/p>\n\n\n\n<p>Pod\u00edvejte se na na\u0161e <strong>v\u00fdlety na kole a na b\u00e1rce s pr\u016fvodcem i bez n\u011bj.<\/strong> a poznejte kouzlo Evropy zbl\u00edzka, nebo se p\u0159ipojte k jednomu z na\u0161ich v\u00fdlet\u016f na kole a na b\u00e1rce s pr\u016fvodcem a za\u017eijte nezapomenutelnou cestu. Va\u0161e p\u0159\u00ed\u0161t\u00ed dobrodru\u017estv\u00ed je vzd\u00e1leno pouh\u00e9 \u0161l\u00e1pnut\u00ed do ped\u00e1l\u016f.<\/p>\n\n\n\n<p>A pokud si chcete je\u0161t\u011b v\u00edce roz\u0161\u00ed\u0159it obzory, nahl\u00e9dn\u011bte do knihy <strong>rozmanit\u00e1 nab\u00eddka<\/strong> na\u0161ich partnersk\u00fdch zna\u010dek, kde na v\u00e1s \u010dek\u00e1 spousta jedine\u010dn\u00fdch cyklistick\u00fdch dobrodru\u017estv\u00ed.<\/p>\n\n\n\n<ul class=\"wp-block-list\">\n<li><a href=\"https:\/\/bikeandboatcroatia.com\/\">J\u00edzda na kole a na lodi Chorvatsko<\/a><\/li>\n<\/ul>","protected":false},"excerpt":{"rendered":"<p>V\u00edtejte na str\u00e1nk\u00e1ch Bike and Barge Tours, kter\u00e9 v\u00e1m umo\u017en\u00ed prozkoumat nejmalebn\u011bj\u0161\u00ed evropsk\u00e9 trasy na kole a na lodi.  Jako jedna z nejrychleji rostouc\u00edch spole\u010dnost\u00ed v t\u00e9to oblasti jsme se rychle prosadili d\u00edky zam\u011b\u0159en\u00ed na kvalitn\u00ed z\u00e1\u017eitky, spokojenost z\u00e1kazn\u00edk\u016f a rozmanitou nab\u00eddku z\u00e1jezd\u016f, kter\u00e9 uspokoj\u00ed ka\u017ed\u00fd typ cestovatele.  A\u0165 u\u017e jste se sem vydali na ... <a href=\"https:\/\/bikeandbarge-tours.com\/cs\/about-us\/\">Pokra\u010dov\u00e1n\u00ed<\/a><\/p>","protected":false},"author":41,"featured_media":1150,"parent":0,"menu_order":0,"comment_status":"closed","ping_status":"closed","template":"","meta":{"_acf_changed":false,"footnotes":""},"class_list":["post-39","page","type-page","status-publish","has-post-thumbnail","hentry"],"acf":{"page_subheading":"Discover Europe's hidden gems with bike and barge tours, where we blend adventure with comfort to create unforgettable cycling holidays for every explorer."},"_links":{"self":[{"href":"https:\/\/bikeandbarge-tours.com\/cs\/wp-json\/wp\/v2\/pages\/39","targetHints":{"allow":["GET"]}}],"collection":[{"href":"https:\/\/bikeandbarge-tours.com\/cs\/wp-json\/wp\/v2\/pages"}],"about":[{"href":"https:\/\/bikeandbarge-tours.com\/cs\/wp-json\/wp\/v2\/types\/page"}],"author":[{"embeddable":true,"href":"https:\/\/bikeandbarge-tours.com\/cs\/wp-json\/wp\/v2\/users\/41"}],"replies":[{"embeddable":true,"href":"https:\/\/bikeandbarge-tours.com\/cs\/wp-json\/wp\/v2\/comments?post=39"}],"version-history":[{"count":8,"href":"https:\/\/bikeandbarge-tours.com\/cs\/wp-json\/wp\/v2\/pages\/39\/revisions"}],"predecessor-version":[{"id":7976,"href":"https:\/\/bikeandbarge-tours.com\/cs\/wp-json\/wp\/v2\/pages\/39\/revisions\/7976"}],"wp:featuredmedia":[{"embeddable":true,"href":"https:\/\/bikeandbarge-tours.com\/cs\/wp-json\/wp\/v2\/media\/1150"}],"wp:attachment":[{"href":"https:\/\/bikeandbarge-tours.com\/cs\/wp-json\/wp\/v2\/media?parent=39"}],"curies":[{"name":"wp","href":"https:\/\/api.w.org\/{rel}","templated":true}]}}