{"id":45,"date":"2023-01-16T13:14:25","date_gmt":"2023-01-16T13:14:25","guid":{"rendered":"https:\/\/bikeandbarge-tours.com\/climate-emergency\/"},"modified":"2023-05-09T08:32:38","modified_gmt":"2023-05-09T08:32:38","slug":"klimaticka-nouze","status":"publish","type":"page","link":"https:\/\/bikeandbarge-tours.com\/cs\/climate-emergency\/","title":{"rendered":"Klimatick\u00e1 nouze"},"content":{"rendered":"<h2 class=\"wp-block-heading\" id=\"headline-33-8554\">Vyhla\u0161ujeme stav klimatick\u00e9 nouze<\/h2>\n\n\n\n<p>P\u0159ihl\u00e1sili jsme se k iniciativ\u011b Tourism Declares, kter\u00e1 podporuje podniky, organizace a jednotlivce v cestovn\u00edm ruchu p\u0159i vyhla\u0161ov\u00e1n\u00ed stavu klimatick\u00e9 nouze a p\u0159ij\u00edm\u00e1n\u00ed c\u00edlen\u00fdch opat\u0159en\u00ed ke sn\u00ed\u017een\u00ed emis\u00ed uhl\u00edku podle doporu\u010den\u00ed Mezivl\u00e1dn\u00edho panelu pro zm\u011bnu klimatu (IPCC) sn\u00ed\u017eit do roku 2030 celosv\u011btov\u00e9 emise uhl\u00edku na 55% pod \u00farove\u0148 roku 2017.&nbsp;<\/p>\n\n\n\n<p>Stejn\u011b jako v\u0161ichni signat\u00e1\u0159i jsme se zav\u00e1zali k n\u00e1sleduj\u00edc\u00edm p\u011bti opat\u0159en\u00edm:<\/p>\n\n\n\n<ol class=\"wp-block-list\">\n<li>b\u011bhem p\u0159\u00ed\u0161t\u00edch 12 m\u011bs\u00edc\u016f vypracovat \"nouzov\u00fd klimatick\u00fd pl\u00e1n\", kter\u00fd stanov\u00ed na\u0161e z\u00e1m\u011bry sn\u00ed\u017eit emise uhl\u00edku v p\u0159\u00ed\u0161t\u00edm desetilet\u00ed.<\/li>\n\n\n\n<li>Sd\u00edlet \u00favodn\u00ed ve\u0159ejn\u00e9 prohl\u00e1\u0161en\u00ed o na\u0161em \"pl\u00e1nu pro mimo\u0159\u00e1dn\u00e9 situace v oblasti klimatu\" a ka\u017edoro\u010dn\u011b aktualizovat pokrok.<\/li>\n\n\n\n<li>P\u0159ijmout aktu\u00e1ln\u00ed doporu\u010den\u00ed IPCC, podle kter\u00e9ho je t\u0159eba do roku 2030 sn\u00ed\u017eit glob\u00e1ln\u00ed emise uhl\u00edku na 55% pod \u00farove\u0148 roku 2017, aby se planeta neoteplila o 1,5 stupn\u011b. Zajist\u00edme, aby n\u00e1\u0161 \"klimatick\u00fd nouzov\u00fd pl\u00e1n\" p\u0159edstavoval opat\u0159en\u00ed ur\u010den\u00e1 k dosa\u017een\u00ed tohoto c\u00edle minim\u00e1ln\u011b prost\u0159ednictv\u00edm transparentn\u00edho, m\u011b\u0159iteln\u00e9ho a rostouc\u00edho sni\u017eov\u00e1n\u00ed celkov\u00fdch emis\u00ed uhl\u00edku na z\u00e1kazn\u00edka, kter\u00e9 vznikaj\u00ed v d\u016fsledku na\u0161\u00ed \u010dinnosti a n\u00e1mi prod\u00e1van\u00fdch cestovn\u00edch slu\u017eeb.&nbsp;<\/li>\n\n\n\n<li>Podporovat na\u0161e dodavatele a partnery, aby u\u010dinili stejn\u00e9 prohl\u00e1\u0161en\u00ed; sd\u00edlet osv\u011bd\u010den\u00e9 postupy mezi kolegy a aktivn\u011b se zapojit do komunity Tourism Declares.<\/li>\n\n\n\n<li>Prosazov\u00e1n\u00ed zm\u011bn. Uv\u011bdomujeme si, \u017ee je t\u0159eba zm\u011bnit syst\u00e9m v cel\u00e9m odv\u011btv\u00ed, aby se urychlil spravedliv\u00fd p\u0159echod na bezuhl\u00edkov\u00fd cestovn\u00ed ruch.<\/li>\n<\/ol>\n\n\n\n<p>Zva\u017ete pros\u00edm tak\u00e9 prohl\u00e1\u0161en\u00ed na adrese&nbsp;<a href=\"https:\/\/www.tourismdeclares.com\/\" target=\"_blank\" rel=\"noreferrer noopener\">www.tourismdeclares.com<\/a>a sledujte @tourismdeclares na Twitteru, Facebooku nebo Linkedin.<\/p>","protected":false},"excerpt":{"rendered":"<p>Vyhla\u0161ujeme stav klimatick\u00e9 nouze P\u0159ihl\u00e1sili jsme se k iniciativ\u011b Tourism Declares, kter\u00e1 podporuje podniky, organizace a jednotlivce v cestovn\u00edm ruchu p\u0159i vyhla\u0161ov\u00e1n\u00ed stavu klimatick\u00e9 nouze a p\u0159ij\u00edm\u00e1n\u00ed c\u00edlen\u00fdch opat\u0159en\u00ed ke sn\u00ed\u017een\u00ed emis\u00ed uhl\u00edku podle doporu\u010den\u00ed Mezivl\u00e1dn\u00edho panelu pro zm\u011bnu klimatu (IPCC) sn\u00ed\u017eit celosv\u011btov\u00e9 emise uhl\u00edku na 55% oproti roku 2017 ... <a href=\"https:\/\/bikeandbarge-tours.com\/cs\/climate-emergency\/\">Pokra\u010dov\u00e1n\u00ed<\/a><\/p>","protected":false},"author":41,"featured_media":0,"parent":0,"menu_order":0,"comment_status":"open","ping_status":"open","template":"","meta":{"_acf_changed":false,"footnotes":""},"class_list":["post-45","page","type-page","status-publish","hentry"],"acf":{"page_subheading":""},"_links":{"self":[{"href":"https:\/\/bikeandbarge-tours.com\/cs\/wp-json\/wp\/v2\/pages\/45","targetHints":{"allow":["GET"]}}],"collection":[{"href":"https:\/\/bikeandbarge-tours.com\/cs\/wp-json\/wp\/v2\/pages"}],"about":[{"href":"https:\/\/bikeandbarge-tours.com\/cs\/wp-json\/wp\/v2\/types\/page"}],"author":[{"embeddable":true,"href":"https:\/\/bikeandbarge-tours.com\/cs\/wp-json\/wp\/v2\/users\/41"}],"replies":[{"embeddable":true,"href":"https:\/\/bikeandbarge-tours.com\/cs\/wp-json\/wp\/v2\/comments?post=45"}],"version-history":[{"count":5,"href":"https:\/\/bikeandbarge-tours.com\/cs\/wp-json\/wp\/v2\/pages\/45\/revisions"}],"predecessor-version":[{"id":373,"href":"https:\/\/bikeandbarge-tours.com\/cs\/wp-json\/wp\/v2\/pages\/45\/revisions\/373"}],"wp:attachment":[{"href":"https:\/\/bikeandbarge-tours.com\/cs\/wp-json\/wp\/v2\/media?parent=45"}],"curies":[{"name":"wp","href":"https:\/\/api.w.org\/{rel}","templated":true}]}}