{"id":39,"date":"2023-01-16T13:14:25","date_gmt":"2023-01-16T13:14:25","guid":{"rendered":"https:\/\/bikeandbarge-tours.com\/about-us\/"},"modified":"2024-07-30T06:38:42","modified_gmt":"2024-07-30T06:38:42","slug":"om-os","status":"publish","type":"page","link":"https:\/\/bikeandbarge-tours.com\/da\/about-us\/","title":{"rendered":"Om os"},"content":{"rendered":"<p>Velkommen til Bike and Barge Tours, det oplagte valg til at udforske <strong>Europas mest maleriske ruter p\u00e5 cykel og i b\u00e5d<\/strong>.&nbsp;<\/p>\n\n\n\n<p>Som en af de <strong>hurtigst voksende virksomheder i denne niche<\/strong>har vi hurtigt etableret os ved at fokusere p\u00e5 kvalitetsoplevelser, kundetilfredshed og en<strong> alsidigt udvalg af ture<\/strong> der henvender sig til alle typer rejsende.&nbsp;<\/p>\n\n\n\n<p>Uanset om du er her for en afslappet tur eller et aktivt eventyr, er vi dedikerede til at g\u00f8re din rejse uforglemmelig.<\/p>\n\n\n\n<figure class=\"wp-block-image size-full\"><img loading=\"lazy\" decoding=\"async\" width=\"800\" height=\"534\" src=\"http:\/\/bikeandbarge-tours.com\/wp-content\/uploads\/c-f-friesland-schapenpad-1.webp\" alt=\"C f friesland schapenpad\" class=\"wp-image-1118\" srcset=\"https:\/\/bikeandbarge-tours.com\/wp-content\/uploads\/c-f-friesland-schapenpad-1.webp 800w, https:\/\/bikeandbarge-tours.com\/wp-content\/uploads\/c-f-friesland-schapenpad-1-300x200.webp 300w, https:\/\/bikeandbarge-tours.com\/wp-content\/uploads\/c-f-friesland-schapenpad-1-768x513.webp 768w, https:\/\/bikeandbarge-tours.com\/wp-content\/uploads\/c-f-friesland-schapenpad-1-18x12.webp 18w\" sizes=\"auto, (max-width: 800px) 100vw, 800px\" \/><figcaption class=\"wp-element-caption\">Dyk ned i vores cykel- og prammeventyr <\/figcaption><\/figure>\n\n\n\n<h2 class=\"wp-block-heading\">Omfavnelse af Europas mangfoldighed<\/h2>\n\n\n\n<p>Vores k\u00e6rlighedsaff\u00e6re med <strong>Europa<\/strong> er dybt forankret i sin <strong>mangfoldighed<\/strong>, hvor hvert sving p\u00e5 vejen eller floden afsl\u00f8rer en ny udsigt, en frisk udfordring og en anderledes historie. Fra de solbeskinnede vinmarker i Frankrig til de historiske vandveje i Holland - vores ture er designet til at fejre <strong>et utal af aktiviteter<\/strong> som Europa har at byde p\u00e5.<\/p>\n\n\n\n<p>Med en st\u00e6rk tilstedev\u00e6relse i forskellige europ\u00e6iske lande var det en naturlig udvikling for os at udvide vores horisont.&nbsp;<\/p>\n\n\n\n<p>Vores <strong>ekspansion p\u00e5 tv\u00e6rs af kontinentet<\/strong> har gjort det muligt for os at \u00e5bne en verden af muligheder for flere rejsende og im\u00f8dekomme b\u00e5de den afslappede rytter og den temperamentsfulde eventyrer med vores <strong>udvalg af cykel- og pramture.<\/strong><\/p>\n\n\n\n<figure class=\"wp-block-image size-full\"><img loading=\"lazy\" decoding=\"async\" width=\"800\" height=\"600\" src=\"http:\/\/bikeandbarge-tours.com\/wp-content\/uploads\/c-.webp\" alt=\"C\" class=\"wp-image-1104\" srcset=\"https:\/\/bikeandbarge-tours.com\/wp-content\/uploads\/c-.webp 800w, https:\/\/bikeandbarge-tours.com\/wp-content\/uploads\/c--300x225.webp 300w, https:\/\/bikeandbarge-tours.com\/wp-content\/uploads\/c--768x576.webp 768w, https:\/\/bikeandbarge-tours.com\/wp-content\/uploads\/c--16x12.webp 16w\" sizes=\"auto, (max-width: 800px) 100vw, 800px\" \/><figcaption class=\"wp-element-caption\">Premium-skibe venter p\u00e5 dig<\/figcaption><\/figure>\n\n\n\n<h2 class=\"wp-block-heading\">Hjerteslaget i vores virksomhed<\/h2>\n\n\n\n<p>Vores team er livsnerven i <strong>cykel- og pramture<\/strong>Vi er et kollektiv af entusiastiske mennesker, hvis hjerter sl\u00e5r i takt med pedalernes rytme og b\u00f8lgernes skvulpen. Vi er cyklister, sejlere, opdagelsesrejsende og dr\u00f8mmere, forenet af et f\u00e6lles m\u00e5l: at <strong>Del gl\u00e6den ved at g\u00e5 p\u00e5 opdagelse<\/strong> og sk\u00f8nheden ved at rejse gennem <strong>Europas mest fortryllende regioner<\/strong>.<\/p>\n\n\n\n<p>Vi mener, at de bedste eventyr er dem, hvor der er taget h\u00e5nd om alle detaljer. Derfor h\u00e5ndterer vi al logistikken, fra <strong>booking af hyggelige pramme<\/strong> til at lave detaljerede rejseplaner og <strong>at levere GPS-ruter<\/strong>.&nbsp;<\/p>\n\n\n\n<p>Vores supportteam er <strong>tilg\u00e6ngelig 24\/7<\/strong>Det sikrer, at du har frihed til at fordybe dig i oplevelsen med den<strong> De bedste guider <\/strong>og viser vejen.<\/p>\n\n\n\n<figure class=\"wp-block-image size-full\"><img loading=\"lazy\" decoding=\"async\" width=\"800\" height=\"534\" src=\"http:\/\/bikeandbarge-tours.com\/wp-content\/uploads\/f-ee-b-waterlinie-fietsroute-.webp\" alt=\"F ee b waterlinie fietsroute\" class=\"wp-image-990\" srcset=\"https:\/\/bikeandbarge-tours.com\/wp-content\/uploads\/f-ee-b-waterlinie-fietsroute-.webp 800w, https:\/\/bikeandbarge-tours.com\/wp-content\/uploads\/f-ee-b-waterlinie-fietsroute--300x200.webp 300w, https:\/\/bikeandbarge-tours.com\/wp-content\/uploads\/f-ee-b-waterlinie-fietsroute--768x513.webp 768w, https:\/\/bikeandbarge-tours.com\/wp-content\/uploads\/f-ee-b-waterlinie-fietsroute--18x12.webp 18w\" sizes=\"auto, (max-width: 800px) 100vw, 800px\" \/><figcaption class=\"wp-element-caption\">Udforsk skjulte perler i Holland\n<\/figcaption><\/figure>\n\n\n\n<h2 class=\"wp-block-heading\">Din rejse venter<\/h2>\n\n\n\n<p>Vi inviterer dig til at dykke ned i<strong> <\/strong><a href=\"http:\/\/bikeandbarge-tours.com\/da\/ture\/\">Forskellige cykel- og pramture<\/a><strong> <\/strong>vi tilbyder. Uanset om du er en solo-udforsker eller en del af en gruppe, er vores ture skr\u00e6ddersyet til at <strong>give en fordybende oplevelse<\/strong> der afbalancerer aktive dage med rolige aftener.<\/p>\n\n\n\n<p>Stig om bord, og lad os guide dig gennem <strong>Europas mest natursk\u00f8nne ruter<\/strong>hvor hvert sving er en historie, og hvert stop er et minde, der er ved at blive skabt.&nbsp;<\/p>\n\n\n\n<p>Tjek vores <strong>Guidede og selvguidede cykel- og pramture<\/strong> til et intimt m\u00f8de med Europas charme, eller tag med p\u00e5 en af vores guidede cykel- og pramture til en uforglemmelig rejse. Dit n\u00e6ste eventyr er kun en pedaltramp v\u00e6k.<\/p>\n\n\n\n<p>Og hvis du vil udvide din horisont yderligere, kan du dykke ned i <strong>Forskellige tilbud<\/strong> af vores partnerbrands, hvor et v\u00e6ld af unikke cykeleventyr venter.<\/p>\n\n\n\n<ul class=\"wp-block-list\">\n<li><a href=\"https:\/\/bikeandboatcroatia.com\/\">Cykel og b\u00e5d Kroatien<\/a><\/li>\n<\/ul>","protected":false},"excerpt":{"rendered":"<p>Velkommen til Bike and Barge Tours, det oplagte valg til at udforske Europas mest maleriske ruter p\u00e5 cykel og i b\u00e5d.  Som en af de hurtigst voksende virksomheder i denne niche har vi hurtigt etableret os ved at fokusere p\u00e5 kvalitetsoplevelser, kundetilfredshed og et varieret udvalg af ture, der henvender sig til alle typer rejsende.  Uanset om du er her ... <a href=\"https:\/\/bikeandbarge-tours.com\/da\/about-us\/\">Fortsat<\/a><\/p>","protected":false},"author":41,"featured_media":1150,"parent":0,"menu_order":0,"comment_status":"closed","ping_status":"closed","template":"","meta":{"_acf_changed":false,"footnotes":""},"class_list":["post-39","page","type-page","status-publish","has-post-thumbnail","hentry"],"acf":{"page_subheading":"Discover Europe's hidden gems with bike and barge tours, where we blend adventure with comfort to create unforgettable cycling holidays for every explorer."},"_links":{"self":[{"href":"https:\/\/bikeandbarge-tours.com\/da\/wp-json\/wp\/v2\/pages\/39","targetHints":{"allow":["GET"]}}],"collection":[{"href":"https:\/\/bikeandbarge-tours.com\/da\/wp-json\/wp\/v2\/pages"}],"about":[{"href":"https:\/\/bikeandbarge-tours.com\/da\/wp-json\/wp\/v2\/types\/page"}],"author":[{"embeddable":true,"href":"https:\/\/bikeandbarge-tours.com\/da\/wp-json\/wp\/v2\/users\/41"}],"replies":[{"embeddable":true,"href":"https:\/\/bikeandbarge-tours.com\/da\/wp-json\/wp\/v2\/comments?post=39"}],"version-history":[{"count":8,"href":"https:\/\/bikeandbarge-tours.com\/da\/wp-json\/wp\/v2\/pages\/39\/revisions"}],"predecessor-version":[{"id":7976,"href":"https:\/\/bikeandbarge-tours.com\/da\/wp-json\/wp\/v2\/pages\/39\/revisions\/7976"}],"wp:featuredmedia":[{"embeddable":true,"href":"https:\/\/bikeandbarge-tours.com\/da\/wp-json\/wp\/v2\/media\/1150"}],"wp:attachment":[{"href":"https:\/\/bikeandbarge-tours.com\/da\/wp-json\/wp\/v2\/media?parent=39"}],"curies":[{"name":"wp","href":"https:\/\/api.w.org\/{rel}","templated":true}]}}