{"id":39,"date":"2023-01-16T13:14:25","date_gmt":"2023-01-16T13:14:25","guid":{"rendered":"https:\/\/bikeandbarge-tours.com\/about-us\/"},"modified":"2024-07-30T06:38:42","modified_gmt":"2024-07-30T06:38:42","slug":"uber-uns","status":"publish","type":"page","link":"https:\/\/bikeandbarge-tours.com\/de\/about-us\/","title":{"rendered":"\u00dcber uns"},"content":{"rendered":"<p>Willkommen bei Bike and Barge Tours, der ersten Wahl f\u00fcr die Erkundung von <strong>Europas malerischste Routen mit Fahrrad und Schiff<\/strong>.&nbsp;<\/p>\n\n\n\n<p>Als einer der <strong>am schnellsten wachsende Unternehmen in dieser Nische<\/strong>Wir haben uns schnell etabliert, indem wir uns auf Qualit\u00e4tserlebnisse, Kundenzufriedenheit und eine<strong> vielf\u00e4ltiges Angebot an Touren<\/strong> die f\u00fcr jede Art von Reisenden geeignet sind.&nbsp;<\/p>\n\n\n\n<p>Egal, ob Sie f\u00fcr eine gem\u00fctliche Fahrt oder ein aktives Abenteuer hier sind, wir sind bestrebt, Ihre Reise unvergesslich zu machen.<\/p>\n\n\n\n<figure class=\"wp-block-image size-full\"><img loading=\"lazy\" decoding=\"async\" width=\"800\" height=\"534\" src=\"http:\/\/bikeandbarge-tours.com\/wp-content\/uploads\/c-f-friesland-schapenpad-1.webp\" alt=\"C f friesland schapenpad\" class=\"wp-image-1118\" srcset=\"https:\/\/bikeandbarge-tours.com\/wp-content\/uploads\/c-f-friesland-schapenpad-1.webp 800w, https:\/\/bikeandbarge-tours.com\/wp-content\/uploads\/c-f-friesland-schapenpad-1-300x200.webp 300w, https:\/\/bikeandbarge-tours.com\/wp-content\/uploads\/c-f-friesland-schapenpad-1-768x513.webp 768w, https:\/\/bikeandbarge-tours.com\/wp-content\/uploads\/c-f-friesland-schapenpad-1-18x12.webp 18w\" sizes=\"auto, (max-width: 800px) 100vw, 800px\" \/><figcaption class=\"wp-element-caption\">Tauchen Sie ein in unsere Fahrrad- und Kahnabenteuer <\/figcaption><\/figure>\n\n\n\n<h2 class=\"wp-block-heading\">Europas Vielfalt umarmen<\/h2>\n\n\n\n<p>Unsere Liebesaff\u00e4re mit <strong>Europa<\/strong> ist tief verwurzelt in seiner <strong>Vielfalt<\/strong>wo jede Biegung der Stra\u00dfe oder des Flusses eine neue Aussicht, eine neue Herausforderung und eine andere Geschichte offenbart. Von den sonnenverw\u00f6hnten Weinbergen Frankreichs bis zu den historischen Wasserstra\u00dfen der Niederlande sind unsere Touren darauf ausgerichtet, die <strong>eine Vielzahl von Aktivit\u00e4ten<\/strong> die Europa zu bieten hat.<\/p>\n\n\n\n<p>Da wir bereits in verschiedenen europ\u00e4ischen L\u00e4ndern stark vertreten sind, war es f\u00fcr uns eine nat\u00fcrliche Entwicklung, unseren Horizont zu erweitern.&nbsp;<\/p>\n\n\n\n<p>Unser <strong>Expansion auf dem gesamten Kontinent<\/strong> hat es uns erm\u00f6glicht, mehr Reisenden eine Welt der M\u00f6glichkeiten zu er\u00f6ffnen, indem wir sowohl den gem\u00fctlichen Reiter als auch den temperamentvollen Abenteurer mit unserem <strong>Angebot an Rad- und Schiffstouren.<\/strong><\/p>\n\n\n\n<figure class=\"wp-block-image size-full\"><img loading=\"lazy\" decoding=\"async\" width=\"800\" height=\"600\" src=\"http:\/\/bikeandbarge-tours.com\/wp-content\/uploads\/c-.webp\" alt=\"C\" class=\"wp-image-1104\" srcset=\"https:\/\/bikeandbarge-tours.com\/wp-content\/uploads\/c-.webp 800w, https:\/\/bikeandbarge-tours.com\/wp-content\/uploads\/c--300x225.webp 300w, https:\/\/bikeandbarge-tours.com\/wp-content\/uploads\/c--768x576.webp 768w, https:\/\/bikeandbarge-tours.com\/wp-content\/uploads\/c--16x12.webp 16w\" sizes=\"auto, (max-width: 800px) 100vw, 800px\" \/><figcaption class=\"wp-element-caption\">Premium-Schiffe warten auf Sie<\/figcaption><\/figure>\n\n\n\n<h2 class=\"wp-block-heading\">Der Herzschlag unseres Unternehmens<\/h2>\n\n\n\n<p>Unser Team ist das Lebenselixier von <strong>Fahrrad- und Kahnfahrten<\/strong>Wir sind ein Kollektiv von begeisterten Menschen, deren Herzen im Einklang mit dem Rhythmus der Pedale und dem Pl\u00e4tschern der Wellen schlagen. Wir sind Radfahrer, Segler, Entdecker und Tr\u00e4umer, vereint durch ein gemeinsames Ziel: die <strong>die Freude am Entdecken teilen<\/strong> und die Sch\u00f6nheit des Reisens durch <strong>Die bezauberndsten Regionen Europas<\/strong>.<\/p>\n\n\n\n<p>Wir glauben, dass die besten Abenteuer die sind, bei denen man sich um jedes Detail k\u00fcmmert. Deshalb k\u00fcmmern wir uns um die gesamte Logistik, von <strong>Buchung gem\u00fctlicher K\u00e4hne<\/strong> die Ausarbeitung detaillierter Reisepl\u00e4ne und <strong>Bereitstellung von GPS-Routen<\/strong>.&nbsp;<\/p>\n\n\n\n<p>Unser Support-Team ist <strong>24\/7 verf\u00fcgbar<\/strong>Damit haben Sie die Freiheit, sich auf das Erlebnis einzulassen, mit dem<strong> beste Reisef\u00fchrer <\/strong>den Weg weisen.<\/p>\n\n\n\n<figure class=\"wp-block-image size-full\"><img loading=\"lazy\" decoding=\"async\" width=\"800\" height=\"534\" src=\"http:\/\/bikeandbarge-tours.com\/wp-content\/uploads\/f-ee-b-waterlinie-fietsroute-.webp\" alt=\"F ee b Wasserlinie fietsroute\" class=\"wp-image-990\" srcset=\"https:\/\/bikeandbarge-tours.com\/wp-content\/uploads\/f-ee-b-waterlinie-fietsroute-.webp 800w, https:\/\/bikeandbarge-tours.com\/wp-content\/uploads\/f-ee-b-waterlinie-fietsroute--300x200.webp 300w, https:\/\/bikeandbarge-tours.com\/wp-content\/uploads\/f-ee-b-waterlinie-fietsroute--768x513.webp 768w, https:\/\/bikeandbarge-tours.com\/wp-content\/uploads\/f-ee-b-waterlinie-fietsroute--18x12.webp 18w\" sizes=\"auto, (max-width: 800px) 100vw, 800px\" \/><figcaption class=\"wp-element-caption\">Entdecken Sie die verborgenen Juwelen der Niederlande\n<\/figcaption><\/figure>\n\n\n\n<h2 class=\"wp-block-heading\">Deine Reise erwartet dich<\/h2>\n\n\n\n<p>Wir laden Sie ein, sich mit den<strong> <\/strong><a href=\"http:\/\/bikeandbarge-tours.com\/de\/touren\/\">verschiedene Rad- und Schiffstouren<\/a><strong> <\/strong>wir anbieten. Egal, ob Sie alleine oder in einer Gruppe unterwegs sind, unsere Touren sind zugeschnitten auf <strong>ein immersives Erlebnis bieten<\/strong> die ein Gleichgewicht zwischen aktiven Tagen und ruhigen Abenden schafft.<\/p>\n\n\n\n<p>Kommen Sie an Bord und lassen Sie sich von uns f\u00fchren <strong>Europas landschaftlich reizvollste Routen<\/strong>wo jede Kurve eine Geschichte und jeder Halt eine Erinnerung ist.&nbsp;<\/p>\n\n\n\n<p>Besuchen Sie unser <strong>gef\u00fchrte und selbstgef\u00fchrte Rad- und Schiffstouren<\/strong> f\u00fcr eine intime Begegnung mit dem Charme Europas, oder nehmen Sie an einer unserer gef\u00fchrten Rad- und Schiffsreisen teil und erleben Sie eine unvergessliche Reise. Ihr n\u00e4chstes Abenteuer ist nur eine Pedale entfernt.<\/p>\n\n\n\n<p>Und wenn Sie Ihren Horizont noch weiter erweitern wollen, sollten Sie sich mit dem <strong>vielf\u00e4ltige Angebote<\/strong> unserer Partnermarken, wo eine Vielzahl einzigartiger Fahrradabenteuer auf Sie wartet.<\/p>\n\n\n\n<ul class=\"wp-block-list\">\n<li><a href=\"https:\/\/bikeandboatcroatia.com\/\">Fahrrad und Boot Kroatien<\/a><\/li>\n<\/ul>","protected":false},"excerpt":{"rendered":"<p>Willkommen bei Bike and Barge Tours, der ersten Wahl, wenn es darum geht, die malerischsten Routen Europas mit dem Fahrrad und dem Boot zu erkunden.  Als eines der am schnellsten wachsenden Unternehmen in dieser Nische haben wir uns schnell etabliert, indem wir uns auf Qualit\u00e4tserlebnisse, Kundenzufriedenheit und ein vielf\u00e4ltiges Angebot an Touren f\u00fcr jeden Reisetyp konzentrieren.  Ob Sie hier sind ... <a href=\"https:\/\/bikeandbarge-tours.com\/de\/about-us\/\">Fortsetzung<\/a><\/p>","protected":false},"author":41,"featured_media":1150,"parent":0,"menu_order":0,"comment_status":"closed","ping_status":"closed","template":"","meta":{"_acf_changed":false,"footnotes":""},"class_list":["post-39","page","type-page","status-publish","has-post-thumbnail","hentry"],"acf":{"page_subheading":"Discover Europe's hidden gems with bike and barge tours, where we blend adventure with comfort to create unforgettable cycling holidays for every explorer."},"_links":{"self":[{"href":"https:\/\/bikeandbarge-tours.com\/de\/wp-json\/wp\/v2\/pages\/39","targetHints":{"allow":["GET"]}}],"collection":[{"href":"https:\/\/bikeandbarge-tours.com\/de\/wp-json\/wp\/v2\/pages"}],"about":[{"href":"https:\/\/bikeandbarge-tours.com\/de\/wp-json\/wp\/v2\/types\/page"}],"author":[{"embeddable":true,"href":"https:\/\/bikeandbarge-tours.com\/de\/wp-json\/wp\/v2\/users\/41"}],"replies":[{"embeddable":true,"href":"https:\/\/bikeandbarge-tours.com\/de\/wp-json\/wp\/v2\/comments?post=39"}],"version-history":[{"count":8,"href":"https:\/\/bikeandbarge-tours.com\/de\/wp-json\/wp\/v2\/pages\/39\/revisions"}],"predecessor-version":[{"id":7976,"href":"https:\/\/bikeandbarge-tours.com\/de\/wp-json\/wp\/v2\/pages\/39\/revisions\/7976"}],"wp:featuredmedia":[{"embeddable":true,"href":"https:\/\/bikeandbarge-tours.com\/de\/wp-json\/wp\/v2\/media\/1150"}],"wp:attachment":[{"href":"https:\/\/bikeandbarge-tours.com\/de\/wp-json\/wp\/v2\/media?parent=39"}],"curies":[{"name":"wp","href":"https:\/\/api.w.org\/{rel}","templated":true}]}}