{"id":39,"date":"2023-01-16T13:14:25","date_gmt":"2023-01-16T13:14:25","guid":{"rendered":"https:\/\/bikeandbarge-tours.com\/about-us\/"},"modified":"2024-07-30T06:38:42","modified_gmt":"2024-07-30T06:38:42","slug":"acerca-de-nosotros","status":"publish","type":"page","link":"https:\/\/bikeandbarge-tours.com\/es\/about-us\/","title":{"rendered":"Qui\u00e9nes somos"},"content":{"rendered":"<p>Bienvenido a Bike and Barge Tours, la mejor opci\u00f3n para explorar <strong>Las rutas m\u00e1s pintorescas de Europa en bicicleta y barco<\/strong>.&nbsp;<\/p>\n\n\n\n<p>Como uno de los <strong>empresas de m\u00e1s r\u00e1pido crecimiento en este nicho<\/strong>nos hemos consolidado r\u00e1pidamente centr\u00e1ndonos en experiencias de calidad, la satisfacci\u00f3n del cliente y un servicio de calidad.<strong> amplia gama de visitas<\/strong> que atienden a todo tipo de viajeros.&nbsp;<\/p>\n\n\n\n<p>Tanto si est\u00e1 aqu\u00ed para un paseo tranquilo como para una aventura activa, nos dedicamos a hacer que su viaje sea inolvidable.<\/p>\n\n\n\n<figure class=\"wp-block-image size-full\"><img loading=\"lazy\" decoding=\"async\" width=\"800\" height=\"534\" src=\"http:\/\/bikeandbarge-tours.com\/wp-content\/uploads\/c-f-friesland-schapenpad-1.webp\" alt=\"C f friesland schapenpad\" class=\"wp-image-1118\" srcset=\"https:\/\/bikeandbarge-tours.com\/wp-content\/uploads\/c-f-friesland-schapenpad-1.webp 800w, https:\/\/bikeandbarge-tours.com\/wp-content\/uploads\/c-f-friesland-schapenpad-1-300x200.webp 300w, https:\/\/bikeandbarge-tours.com\/wp-content\/uploads\/c-f-friesland-schapenpad-1-768x513.webp 768w, https:\/\/bikeandbarge-tours.com\/wp-content\/uploads\/c-f-friesland-schapenpad-1-18x12.webp 18w\" sizes=\"auto, (max-width: 800px) 100vw, 800px\" \/><figcaption class=\"wp-element-caption\">Ad\u00e9ntrese en nuestras aventuras en bicicleta y gabarra <\/figcaption><\/figure>\n\n\n\n<h2 class=\"wp-block-heading\">Abrazar la diversidad de Europa<\/h2>\n\n\n\n<p>Nuestra historia de amor con <strong>Europa<\/strong> est\u00e1 profundamente arraigada en su <strong>diversidad<\/strong>donde cada curva de la carretera o del r\u00edo descubre una nueva vista, un nuevo reto y una historia diferente. Desde los vi\u00f1edos ba\u00f1ados por el sol de Francia hasta las hist\u00f3ricas v\u00edas fluviales de los Pa\u00edses Bajos, nuestros viajes est\u00e1n dise\u00f1ados para celebrar la belleza de la naturaleza. <strong>un sinf\u00edn de actividades<\/strong> que Europa puede ofrecer.<\/p>\n\n\n\n<p>Con una fuerte presencia ya establecida en distintos pa\u00edses europeos, era una progresi\u00f3n natural para nosotros ampliar nuestros horizontes.&nbsp;<\/p>\n\n\n\n<p>Nuestra <strong>expansi\u00f3n por el continente<\/strong> nos ha permitido abrir un mundo de oportunidades para m\u00e1s viajeros, atendiendo tanto al jinete de ocio como al aventurero en\u00e9rgico con nuestro <strong>gama de viajes en bicicleta y barcaza.<\/strong><\/p>\n\n\n\n<figure class=\"wp-block-image size-full\"><img loading=\"lazy\" decoding=\"async\" width=\"800\" height=\"600\" src=\"http:\/\/bikeandbarge-tours.com\/wp-content\/uploads\/c-.webp\" alt=\"C\" class=\"wp-image-1104\" srcset=\"https:\/\/bikeandbarge-tours.com\/wp-content\/uploads\/c-.webp 800w, https:\/\/bikeandbarge-tours.com\/wp-content\/uploads\/c--300x225.webp 300w, https:\/\/bikeandbarge-tours.com\/wp-content\/uploads\/c--768x576.webp 768w, https:\/\/bikeandbarge-tours.com\/wp-content\/uploads\/c--16x12.webp 16w\" sizes=\"auto, (max-width: 800px) 100vw, 800px\" \/><figcaption class=\"wp-element-caption\">Le esperan barcos premium<\/figcaption><\/figure>\n\n\n\n<h2 class=\"wp-block-heading\">El latido de nuestra empresa<\/h2>\n\n\n\n<p>Nuestro equipo es el alma de <strong>paseos en bicicleta y barcaza<\/strong>Un colectivo de personas entusiastas cuyos corazones laten al un\u00edsono con el ritmo de los pedales y el chapoteo de las olas. Somos ciclistas, navegantes, exploradores y so\u00f1adores, unidos por un objetivo com\u00fan: <strong>compartir la alegr\u00eda del descubrimiento<\/strong> y la belleza de viajar por <strong>Las regiones con m\u00e1s encanto de Europa<\/strong>.<\/p>\n\n\n\n<p>Creemos que las mejores aventuras son aquellas en las que se cuida hasta el \u00faltimo detalle. Por eso nos encargamos de toda la log\u00edstica, desde <strong>reserva de barcazas acogedoras<\/strong> a la elaboraci\u00f3n de itinerarios detallados y <strong>proporcionar rutas GPS<\/strong>.&nbsp;<\/p>\n\n\n\n<p>Nuestro equipo de asistencia es <strong>disponible 24\/7<\/strong>para que tenga la libertad de sumergirse en la experiencia, con los<strong> las mejores gu\u00edas <\/strong>marcando el camino.<\/p>\n\n\n\n<figure class=\"wp-block-image size-full\"><img loading=\"lazy\" decoding=\"async\" width=\"800\" height=\"534\" src=\"http:\/\/bikeandbarge-tours.com\/wp-content\/uploads\/f-ee-b-waterlinie-fietsroute-.webp\" alt=\"F ee b waterlinie fietsroute\" class=\"wp-image-990\" srcset=\"https:\/\/bikeandbarge-tours.com\/wp-content\/uploads\/f-ee-b-waterlinie-fietsroute-.webp 800w, https:\/\/bikeandbarge-tours.com\/wp-content\/uploads\/f-ee-b-waterlinie-fietsroute--300x200.webp 300w, https:\/\/bikeandbarge-tours.com\/wp-content\/uploads\/f-ee-b-waterlinie-fietsroute--768x513.webp 768w, https:\/\/bikeandbarge-tours.com\/wp-content\/uploads\/f-ee-b-waterlinie-fietsroute--18x12.webp 18w\" sizes=\"auto, (max-width: 800px) 100vw, 800px\" \/><figcaption class=\"wp-element-caption\">Explora las joyas ocultas de Holanda\n<\/figcaption><\/figure>\n\n\n\n<h2 class=\"wp-block-heading\">Su viaje le espera<\/h2>\n\n\n\n<p>Le invitamos a profundizar en la<strong> <\/strong><a href=\"http:\/\/bikeandbarge-tours.com\/es\/visitas\/\">variedad de recorridos en bicicleta y barcazas<\/a><strong> <\/strong>que ofrecemos. Tanto si explora en solitario como si forma parte de un grupo, nuestros viajes se adaptan a <strong>ofrecer una experiencia inmersiva<\/strong> que equilibra d\u00edas activos con tardes tranquilas.<\/p>\n\n\n\n<p>Suba a bordo y d\u00e9jese guiar por <strong>Las rutas m\u00e1s pintorescas de Europa<\/strong>donde cada curva es una historia y cada parada un recuerdo.&nbsp;<\/p>\n\n\n\n<p>Consulte nuestro <strong>visitas guiadas y autoguiadas en bicicleta y gabarra<\/strong> para un encuentro \u00edntimo con el encanto de Europa, o \u00fanase a una de nuestras excursiones guiadas en bicicleta y barcaza para disfrutar de un viaje inolvidable. Su pr\u00f3xima aventura est\u00e1 a s\u00f3lo un pedal de distancia.<\/p>\n\n\n\n<p>Y si quiere ampliar a\u00fan m\u00e1s sus horizontes, profundice en el <strong>ofertas diversas<\/strong> de nuestras marcas asociadas, donde le esperan multitud de aventuras ciclistas \u00fanicas.<\/p>\n\n\n\n<ul class=\"wp-block-list\">\n<li><a href=\"https:\/\/bikeandboatcroatia.com\/\">Bicicleta y barco Croacia<\/a><\/li>\n<\/ul>","protected":false},"excerpt":{"rendered":"<p>Bienvenido a Bike and Barge Tours, la mejor opci\u00f3n para explorar las rutas m\u00e1s pintorescas de Europa en bicicleta y barco.  Como una de las empresas de m\u00e1s r\u00e1pido crecimiento en este nicho, nos hemos establecido r\u00e1pidamente centr\u00e1ndonos en experiencias de calidad, la satisfacci\u00f3n del cliente, y una amplia gama de tours que se adaptan a cada tipo de viajero.  Tanto si est\u00e1 aqu\u00ed ... <a href=\"https:\/\/bikeandbarge-tours.com\/es\/about-us\/\">Contin\u00faa en<\/a><\/p>","protected":false},"author":41,"featured_media":1150,"parent":0,"menu_order":0,"comment_status":"closed","ping_status":"closed","template":"","meta":{"_acf_changed":false,"footnotes":""},"class_list":["post-39","page","type-page","status-publish","has-post-thumbnail","hentry"],"acf":{"page_subheading":"Discover Europe's hidden gems with bike and barge tours, where we blend adventure with comfort to create unforgettable cycling holidays for every explorer."},"_links":{"self":[{"href":"https:\/\/bikeandbarge-tours.com\/es\/wp-json\/wp\/v2\/pages\/39","targetHints":{"allow":["GET"]}}],"collection":[{"href":"https:\/\/bikeandbarge-tours.com\/es\/wp-json\/wp\/v2\/pages"}],"about":[{"href":"https:\/\/bikeandbarge-tours.com\/es\/wp-json\/wp\/v2\/types\/page"}],"author":[{"embeddable":true,"href":"https:\/\/bikeandbarge-tours.com\/es\/wp-json\/wp\/v2\/users\/41"}],"replies":[{"embeddable":true,"href":"https:\/\/bikeandbarge-tours.com\/es\/wp-json\/wp\/v2\/comments?post=39"}],"version-history":[{"count":8,"href":"https:\/\/bikeandbarge-tours.com\/es\/wp-json\/wp\/v2\/pages\/39\/revisions"}],"predecessor-version":[{"id":7976,"href":"https:\/\/bikeandbarge-tours.com\/es\/wp-json\/wp\/v2\/pages\/39\/revisions\/7976"}],"wp:featuredmedia":[{"embeddable":true,"href":"https:\/\/bikeandbarge-tours.com\/es\/wp-json\/wp\/v2\/media\/1150"}],"wp:attachment":[{"href":"https:\/\/bikeandbarge-tours.com\/es\/wp-json\/wp\/v2\/media?parent=39"}],"curies":[{"name":"wp","href":"https:\/\/api.w.org\/{rel}","templated":true}]}}