{"id":39,"date":"2023-01-16T13:14:25","date_gmt":"2023-01-16T13:14:25","guid":{"rendered":"https:\/\/bikeandbarge-tours.com\/about-us\/"},"modified":"2024-07-30T06:38:42","modified_gmt":"2024-07-30T06:38:42","slug":"meista","status":"publish","type":"page","link":"https:\/\/bikeandbarge-tours.com\/fi\/about-us\/","title":{"rendered":"Tietoa meist\u00e4"},"content":{"rendered":"<p>Tervetuloa Bike and Barge Toursille, joka on paras valinta, kun haluat tutustua... <strong>Euroopan vieh\u00e4tt\u00e4vimm\u00e4t reitit py\u00f6r\u00e4ll\u00e4 ja veneell\u00e4<\/strong>.&nbsp;<\/p>\n\n\n\n<p>Yhten\u00e4 <strong>nopeimmin kasvavat yritykset t\u00e4ll\u00e4 markkinasektorilla<\/strong>olemme nopeasti vakiinnuttaneet asemamme keskittym\u00e4ll\u00e4 laadukkaisiin kokemuksiin, asiakastyytyv\u00e4isyyteen ja<strong> monipuolinen valikoima matkoja<\/strong> jotka palvelevat kaikentyyppisi\u00e4 matkailijoita.&nbsp;<\/p>\n\n\n\n<p>Olitpa sitten tulossa nauttimaan leppoisasta ajelusta tai aktiivisesta seikkailusta, olemme omistautuneet tekem\u00e4\u00e4n matkastasi unohtumattoman.<\/p>\n\n\n\n<figure class=\"wp-block-image size-full\"><img loading=\"lazy\" decoding=\"async\" width=\"800\" height=\"534\" src=\"http:\/\/bikeandbarge-tours.com\/wp-content\/uploads\/c-f-friesland-schapenpad-1.webp\" alt=\"C f friesland schapenpad\" class=\"wp-image-1118\" srcset=\"https:\/\/bikeandbarge-tours.com\/wp-content\/uploads\/c-f-friesland-schapenpad-1.webp 800w, https:\/\/bikeandbarge-tours.com\/wp-content\/uploads\/c-f-friesland-schapenpad-1-300x200.webp 300w, https:\/\/bikeandbarge-tours.com\/wp-content\/uploads\/c-f-friesland-schapenpad-1-768x513.webp 768w, https:\/\/bikeandbarge-tours.com\/wp-content\/uploads\/c-f-friesland-schapenpad-1-18x12.webp 18w\" sizes=\"auto, (max-width: 800px) 100vw, 800px\" \/><figcaption class=\"wp-element-caption\">Tutustu py\u00f6r\u00e4- ja proomuseikkailuihimme <\/figcaption><\/figure>\n\n\n\n<h2 class=\"wp-block-heading\">Euroopan monimuotoisuuden hyv\u00e4ksyminen<\/h2>\n\n\n\n<p>Rakkaussuhteemme <strong>Eurooppa<\/strong> on juurtunut syv\u00e4lle sen <strong>monimuotoisuus<\/strong>, jossa jokainen tien tai joen mutka avaa uuden n\u00e4kym\u00e4n, uuden haasteen ja erilaisen tarinan. Ranskan auringon hellimist\u00e4 viinitarhoista Alankomaiden historiallisiin vesireitteihin, matkamme on suunniteltu juhlistamaan <strong>lukemattomia toimintoja<\/strong> mit\u00e4 Euroopalla on tarjota.<\/p>\n\n\n\n<p>Koska meill\u00e4 on jo vahva l\u00e4sn\u00e4olo eri Euroopan maissa, oli luonnollista laajentaa toimintaamme.&nbsp;<\/p>\n\n\n\n<p>Meid\u00e4n <strong>laajentuminen koko mantereella<\/strong> on mahdollistanut sen, ett\u00e4 olemme voineet avata mahdollisuuksia yh\u00e4 useammalle matkailijalle, ja voimme palvella sek\u00e4 leppoisaa ratsastajaa ett\u00e4 innokasta seikkailijaa. <strong>erilaisia py\u00f6r\u00e4- ja proomumatkoja.<\/strong><\/p>\n\n\n\n<figure class=\"wp-block-image size-full\"><img loading=\"lazy\" decoding=\"async\" width=\"800\" height=\"600\" src=\"http:\/\/bikeandbarge-tours.com\/wp-content\/uploads\/c-.webp\" alt=\"C\" class=\"wp-image-1104\" srcset=\"https:\/\/bikeandbarge-tours.com\/wp-content\/uploads\/c-.webp 800w, https:\/\/bikeandbarge-tours.com\/wp-content\/uploads\/c--300x225.webp 300w, https:\/\/bikeandbarge-tours.com\/wp-content\/uploads\/c--768x576.webp 768w, https:\/\/bikeandbarge-tours.com\/wp-content\/uploads\/c--16x12.webp 16w\" sizes=\"auto, (max-width: 800px) 100vw, 800px\" \/><figcaption class=\"wp-element-caption\">Premium-alukset odottavat sinua<\/figcaption><\/figure>\n\n\n\n<h2 class=\"wp-block-heading\">Yhti\u00f6mme syd\u00e4men syke<\/h2>\n\n\n\n<p>Tiimimme on elinehto <strong>py\u00f6r\u00e4ily- ja proomukierrokset<\/strong>, joukko innostuneita yksil\u00f6it\u00e4, joiden syd\u00e4met sykkiv\u00e4t yht\u00e4 aikaa polkimien rytmin ja aaltojen lainehtimisen kanssa. Olemme py\u00f6r\u00e4ilij\u00f6it\u00e4, purjehtijoita, tutkimusmatkailijoita ja unelmoijia, joita yhdist\u00e4\u00e4 yhteinen p\u00e4\u00e4m\u00e4\u00e4r\u00e4. <strong>jaa l\u00f6yt\u00e4misen ilo<\/strong> ja matkan kauneus <strong>Euroopan lumoavimmat alueet<\/strong>.<\/p>\n\n\n\n<p>Uskomme, ett\u00e4 parhaat seikkailut ovat niit\u00e4, joissa jokaisesta yksityiskohdasta on huolehdittu. Siksi me hoidamme kaiken logistiikan, alkaen seuraavista asioista <strong>viihtyisien proomujen varaaminen<\/strong> yksityiskohtaisten matkasuunnitelmien laatimiseen ja <strong>GPS-reittien tarjoaminen<\/strong>.&nbsp;<\/p>\n\n\n\n<p>Tukitiimimme on <strong>k\u00e4ytett\u00e4viss\u00e4 24\/7<\/strong>ja varmistaa, ett\u00e4 sinulla on vapaus uppoutua kokemukseen.<strong> parhaat oppaat <\/strong>johtavat tiet\u00e4.<\/p>\n\n\n\n<figure class=\"wp-block-image size-full\"><img loading=\"lazy\" decoding=\"async\" width=\"800\" height=\"534\" src=\"http:\/\/bikeandbarge-tours.com\/wp-content\/uploads\/f-ee-b-waterlinie-fietsroute-.webp\" alt=\"F ee b vesilinja fietsroutee\" class=\"wp-image-990\" srcset=\"https:\/\/bikeandbarge-tours.com\/wp-content\/uploads\/f-ee-b-waterlinie-fietsroute-.webp 800w, https:\/\/bikeandbarge-tours.com\/wp-content\/uploads\/f-ee-b-waterlinie-fietsroute--300x200.webp 300w, https:\/\/bikeandbarge-tours.com\/wp-content\/uploads\/f-ee-b-waterlinie-fietsroute--768x513.webp 768w, https:\/\/bikeandbarge-tours.com\/wp-content\/uploads\/f-ee-b-waterlinie-fietsroute--18x12.webp 18w\" sizes=\"auto, (max-width: 800px) 100vw, 800px\" \/><figcaption class=\"wp-element-caption\">Tutki Alankomaiden piilotettuja helmi\u00e4\n<\/figcaption><\/figure>\n\n\n\n<h2 class=\"wp-block-heading\">Matkasi odottaa<\/h2>\n\n\n\n<p>Kutsumme sinut tutustumaan<strong> <\/strong><a href=\"http:\/\/bikeandbarge-tours.com\/fi\/matkat\/\">erilaisia py\u00f6r\u00e4ily- ja proomukierroksia<\/a><strong> <\/strong>tarjoamme. Olitpa sitten yksinmatkailija tai osa ryhm\u00e4\u00e4, matkamme on r\u00e4\u00e4t\u00e4l\u00f6ity seuraavasti <strong>tarjota el\u00e4myksellinen kokemus<\/strong> joka tasapainottaa aktiiviset p\u00e4iv\u00e4t ja rauhalliset illat.<\/p>\n\n\n\n<p>Astu kyytiin ja anna meid\u00e4n opastaa sinut <strong>Euroopan kauneimmat reitit<\/strong>, jossa jokainen k\u00e4\u00e4nne on tarina ja jokainen pys\u00e4hdys on muiston luominen.&nbsp;<\/p>\n\n\n\n<p>Tutustu <strong>opastetut ja itseopastetut py\u00f6r\u00e4- ja proomukierrokset<\/strong> ja tutustu Euroopan vieh\u00e4tykseen tai liity johonkin opastetuista py\u00f6r\u00e4- ja proomuretkist\u00e4mme ja koe unohtumaton matka. Seuraava seikkailusi on vain polkemisen p\u00e4\u00e4ss\u00e4.<\/p>\n\n\n\n<p>Ja jos haluat laajentaa horisonttiasi entisest\u00e4\u00e4n, tutustu my\u00f6s <strong>monipuolinen tarjonta<\/strong> kumppaniemme tuotemerkit, joissa odottavat lukuisat ainutlaatuiset py\u00f6r\u00e4ilyseikkailut.<\/p>\n\n\n\n<ul class=\"wp-block-list\">\n<li><a href=\"https:\/\/bikeandboatcroatia.com\/\">Py\u00f6r\u00e4 ja vene Kroatia<\/a><\/li>\n<\/ul>","protected":false},"excerpt":{"rendered":"<p>Tervetuloa Bike and Barge Toursille, joka on paras valinta, kun haluat tutustua Euroopan vieh\u00e4tt\u00e4vimpiin reitteihin py\u00f6r\u00e4ll\u00e4 ja veneell\u00e4.  Olemme yksi nopeimmin kasvavista yrityksist\u00e4 t\u00e4ll\u00e4 alalla, ja olemme nopeasti vakiinnuttaneet asemamme keskittym\u00e4ll\u00e4 laadukkaisiin kokemuksiin, asiakastyytyv\u00e4isyyteen ja monipuoliseen valikoimaan matkoja, jotka sopivat kaikenlaisille matkailijoille.  Olitpa sitten t\u00e4\u00e4ll\u00e4 ... <a href=\"https:\/\/bikeandbarge-tours.com\/fi\/about-us\/\">Jatkuu<\/a><\/p>","protected":false},"author":41,"featured_media":1150,"parent":0,"menu_order":0,"comment_status":"closed","ping_status":"closed","template":"","meta":{"_acf_changed":false,"footnotes":""},"class_list":["post-39","page","type-page","status-publish","has-post-thumbnail","hentry"],"acf":{"page_subheading":"Discover Europe's hidden gems with bike and barge tours, where we blend adventure with comfort to create unforgettable cycling holidays for every explorer."},"_links":{"self":[{"href":"https:\/\/bikeandbarge-tours.com\/fi\/wp-json\/wp\/v2\/pages\/39","targetHints":{"allow":["GET"]}}],"collection":[{"href":"https:\/\/bikeandbarge-tours.com\/fi\/wp-json\/wp\/v2\/pages"}],"about":[{"href":"https:\/\/bikeandbarge-tours.com\/fi\/wp-json\/wp\/v2\/types\/page"}],"author":[{"embeddable":true,"href":"https:\/\/bikeandbarge-tours.com\/fi\/wp-json\/wp\/v2\/users\/41"}],"replies":[{"embeddable":true,"href":"https:\/\/bikeandbarge-tours.com\/fi\/wp-json\/wp\/v2\/comments?post=39"}],"version-history":[{"count":8,"href":"https:\/\/bikeandbarge-tours.com\/fi\/wp-json\/wp\/v2\/pages\/39\/revisions"}],"predecessor-version":[{"id":7976,"href":"https:\/\/bikeandbarge-tours.com\/fi\/wp-json\/wp\/v2\/pages\/39\/revisions\/7976"}],"wp:featuredmedia":[{"embeddable":true,"href":"https:\/\/bikeandbarge-tours.com\/fi\/wp-json\/wp\/v2\/media\/1150"}],"wp:attachment":[{"href":"https:\/\/bikeandbarge-tours.com\/fi\/wp-json\/wp\/v2\/media?parent=39"}],"curies":[{"name":"wp","href":"https:\/\/api.w.org\/{rel}","templated":true}]}}