{"id":45,"date":"2023-01-16T13:14:25","date_gmt":"2023-01-16T13:14:25","guid":{"rendered":"https:\/\/bikeandbarge-tours.com\/climate-emergency\/"},"modified":"2023-05-09T08:32:38","modified_gmt":"2023-05-09T08:32:38","slug":"ilmastohata","status":"publish","type":"page","link":"https:\/\/bikeandbarge-tours.com\/fi\/climate-emergency\/","title":{"rendered":"Ilmastoh\u00e4t\u00e4"},"content":{"rendered":"<h2 class=\"wp-block-heading\" id=\"headline-33-8554\">Julistamme ilmastoh\u00e4t\u00e4tilan<\/h2>\n\n\n\n<p>Olemme liittyneet Tourism Declares -aloitteeseen, joka tukee matkailuyrityksi\u00e4, -organisaatioita ja -yksil\u00f6it\u00e4 julistamaan ilmastoh\u00e4t\u00e4tilan ja ryhtym\u00e4\u00e4n m\u00e4\u00e4r\u00e4tietoisiin toimiin hiilip\u00e4\u00e4st\u00f6jen v\u00e4hent\u00e4miseksi hallitustenv\u00e4lisen ilmastonmuutospaneelin (IPCC) suosituksen mukaisesti, jonka mukaan maailmanlaajuiset hiilip\u00e4\u00e4st\u00f6t on v\u00e4hennett\u00e4v\u00e4 55% alle vuoden 2017 tason vuoteen 2030 menness\u00e4.&nbsp;<\/p>\n\n\n\n<p>Kaikkien allekirjoittajien tavoin olemme sitoutuneet seuraaviin viiteen toimeen:<\/p>\n\n\n\n<ol class=\"wp-block-list\">\n<li>Laaditaan seuraavan 12 kuukauden aikana ilmastoh\u00e4t\u00e4suunnitelma, jossa esitet\u00e4\u00e4n aikomuksemme v\u00e4hent\u00e4\u00e4 hiilidioksidip\u00e4\u00e4st\u00f6j\u00e4 seuraavan vuosikymmenen aikana.<\/li>\n\n\n\n<li>Jaa ensimm\u00e4inen julkinen julistus ilmastoh\u00e4t\u00e4suunnitelmastamme ja p\u00e4ivit\u00e4 edistyminen vuosittain.<\/li>\n\n\n\n<li>Hyv\u00e4ksyt\u00e4\u00e4n IPCC:n nykyiset suositukset, joiden mukaan maailmanlaajuisia hiilidioksidip\u00e4\u00e4st\u00f6j\u00e4 on v\u00e4hennett\u00e4v\u00e4 vuoteen 2030 menness\u00e4 55% alle vuoden 2017 tason, jotta maapallon l\u00e4mpeneminen ei ylit\u00e4 1,5 astetta. Varmistamme, ett\u00e4 ilmastoh\u00e4t\u00e4suunnitelmamme sis\u00e4lt\u00e4\u00e4 toimia, joilla t\u00e4m\u00e4 tavoite saavutetaan v\u00e4hint\u00e4\u00e4nkin v\u00e4hent\u00e4m\u00e4ll\u00e4 avoimesti, mitattavasti ja yh\u00e4 enemm\u00e4n toimintamme ja myymiemme matkapalvelujen aiheuttamia hiilidioksidip\u00e4\u00e4st\u00f6jen kokonaism\u00e4\u00e4r\u00e4\u00e4 asiakasta kohden.&nbsp;<\/li>\n\n\n\n<li>Kannustamme tavarantoimittajiamme ja yhteisty\u00f6kumppaneitamme antamaan saman julistuksen; jaamme parhaita k\u00e4yt\u00e4nt\u00f6j\u00e4 vertaistemme kesken ja osallistumme aktiivisesti Tourism Declares -yhteis\u00f6\u00f6n.<\/li>\n\n\n\n<li>Edist\u00e4 muutosta. Tunnustamme, ett\u00e4 koko alalla tarvitaan j\u00e4rjestelm\u00e4muutoksia, jotta voidaan nopeuttaa oikeudenmukaista siirtymist\u00e4 kohti hiilivapaata matkailua.<\/li>\n<\/ol>\n\n\n\n<p>Harkitse my\u00f6s ilmoittamista osoitteessa&nbsp;<a href=\"https:\/\/www.tourismdeclares.com\/\" target=\"_blank\" rel=\"noreferrer noopener\">www.tourismdeclares.com<\/a>, ja seuraa @tourismdeclares Twitteriss\u00e4, Facebookissa tai Linkediniss\u00e4.<\/p>","protected":false},"excerpt":{"rendered":"<p>Ilmoitamme ilmastoh\u00e4t\u00e4tilan Olemme allekirjoittaneet Tourism Declares -aloitteen, joka tukee matkailuyrityksi\u00e4, -organisaatioita ja -yksil\u00f6it\u00e4 julistamaan ilmastoh\u00e4t\u00e4tilan ja ryhtym\u00e4\u00e4n m\u00e4\u00e4r\u00e4tietoisiin toimiin hiilidioksidip\u00e4\u00e4st\u00f6jen v\u00e4hent\u00e4miseksi hallitustenv\u00e4lisen ilmastonmuutospaneelin (IPCC) suosituksen mukaisesti, jonka mukaan maailmanlaajuisia hiilidioksidip\u00e4\u00e4st\u00f6j\u00e4 on v\u00e4hennett\u00e4v\u00e4 55% alle vuoden 2017 tason ... <a href=\"https:\/\/bikeandbarge-tours.com\/fi\/climate-emergency\/\">Jatkuu<\/a><\/p>","protected":false},"author":41,"featured_media":0,"parent":0,"menu_order":0,"comment_status":"open","ping_status":"open","template":"","meta":{"_acf_changed":false,"footnotes":""},"class_list":["post-45","page","type-page","status-publish","hentry"],"acf":{"page_subheading":""},"_links":{"self":[{"href":"https:\/\/bikeandbarge-tours.com\/fi\/wp-json\/wp\/v2\/pages\/45","targetHints":{"allow":["GET"]}}],"collection":[{"href":"https:\/\/bikeandbarge-tours.com\/fi\/wp-json\/wp\/v2\/pages"}],"about":[{"href":"https:\/\/bikeandbarge-tours.com\/fi\/wp-json\/wp\/v2\/types\/page"}],"author":[{"embeddable":true,"href":"https:\/\/bikeandbarge-tours.com\/fi\/wp-json\/wp\/v2\/users\/41"}],"replies":[{"embeddable":true,"href":"https:\/\/bikeandbarge-tours.com\/fi\/wp-json\/wp\/v2\/comments?post=45"}],"version-history":[{"count":5,"href":"https:\/\/bikeandbarge-tours.com\/fi\/wp-json\/wp\/v2\/pages\/45\/revisions"}],"predecessor-version":[{"id":373,"href":"https:\/\/bikeandbarge-tours.com\/fi\/wp-json\/wp\/v2\/pages\/45\/revisions\/373"}],"wp:attachment":[{"href":"https:\/\/bikeandbarge-tours.com\/fi\/wp-json\/wp\/v2\/media?parent=45"}],"curies":[{"name":"wp","href":"https:\/\/api.w.org\/{rel}","templated":true}]}}