{"id":39,"date":"2023-01-16T13:14:25","date_gmt":"2023-01-16T13:14:25","guid":{"rendered":"https:\/\/bikeandbarge-tours.com\/about-us\/"},"modified":"2024-07-30T06:38:42","modified_gmt":"2024-07-30T06:38:42","slug":"a-propos-de-nous","status":"publish","type":"page","link":"https:\/\/bikeandbarge-tours.com\/fr\/about-us\/","title":{"rendered":"\u00c0 propos de nous"},"content":{"rendered":"<p>Bienvenue \u00e0 Bike and Barge Tours, le choix par excellence pour explorer <strong>Les itin\u00e9raires les plus pittoresques d'Europe \u00e0 v\u00e9lo et en bateau<\/strong>.&nbsp;<\/p>\n\n\n\n<p>En tant que l'un des <strong>les entreprises \u00e0 la croissance la plus rapide dans ce cr\u00e9neau<\/strong>Nous nous sommes rapidement impos\u00e9s en nous concentrant sur des exp\u00e9riences de qualit\u00e9, la satisfaction des clients et un service de qualit\u00e9.<strong> une gamme vari\u00e9e de visites<\/strong> qui s'adressent \u00e0 tous les types de voyageurs.&nbsp;<\/p>\n\n\n\n<p>Que vous soyez ici pour une balade tranquille ou une aventure active, nous nous engageons \u00e0 rendre votre voyage inoubliable.<\/p>\n\n\n\n<figure class=\"wp-block-image size-full\"><img loading=\"lazy\" decoding=\"async\" width=\"800\" height=\"534\" src=\"http:\/\/bikeandbarge-tours.com\/wp-content\/uploads\/c-f-friesland-schapenpad-1.webp\" alt=\"C f friesland schapenpad\" class=\"wp-image-1118\" srcset=\"https:\/\/bikeandbarge-tours.com\/wp-content\/uploads\/c-f-friesland-schapenpad-1.webp 800w, https:\/\/bikeandbarge-tours.com\/wp-content\/uploads\/c-f-friesland-schapenpad-1-300x200.webp 300w, https:\/\/bikeandbarge-tours.com\/wp-content\/uploads\/c-f-friesland-schapenpad-1-768x513.webp 768w, https:\/\/bikeandbarge-tours.com\/wp-content\/uploads\/c-f-friesland-schapenpad-1-18x12.webp 18w\" sizes=\"auto, (max-width: 800px) 100vw, 800px\" \/><figcaption class=\"wp-element-caption\">D\u00e9couvrez nos aventures \u00e0 v\u00e9lo et en p\u00e9niche <\/figcaption><\/figure>\n\n\n\n<h2 class=\"wp-block-heading\">Embrasser la diversit\u00e9 de l'Europe<\/h2>\n\n\n\n<p>Notre histoire d'amour avec <strong>L'Europe<\/strong> est profond\u00e9ment enracin\u00e9e dans son <strong>la diversit\u00e9<\/strong>o\u00f9 chaque virage de la route ou de la rivi\u00e8re d\u00e9voile un nouveau point de vue, un nouveau d\u00e9fi et une histoire diff\u00e9rente. Des vignobles fran\u00e7ais baign\u00e9s de soleil aux voies navigables historiques des Pays-Bas, nos circuits sont con\u00e7us pour c\u00e9l\u00e9brer l'histoire de l'Europe. <strong>une myriade d'activit\u00e9s<\/strong> que l'Europe a \u00e0 offrir.<\/p>\n\n\n\n<p>Avec une forte pr\u00e9sence d\u00e9j\u00e0 \u00e9tablie dans plusieurs pays europ\u00e9ens, il \u00e9tait naturel pour nous d'\u00e9largir nos horizons.&nbsp;<\/p>\n\n\n\n<p>Notre <strong>l'expansion sur le continent<\/strong> nous a permis d'ouvrir un monde de possibilit\u00e9s \u00e0 un plus grand nombre de voyageurs, en s'adressant \u00e0 la fois aux cavaliers tranquilles et aux aventuriers fougueux avec nos <strong>gamme d'excursions en v\u00e9lo et en p\u00e9niche.<\/strong><\/p>\n\n\n\n<figure class=\"wp-block-image size-full\"><img loading=\"lazy\" decoding=\"async\" width=\"800\" height=\"600\" src=\"http:\/\/bikeandbarge-tours.com\/wp-content\/uploads\/c-.webp\" alt=\"C\" class=\"wp-image-1104\" srcset=\"https:\/\/bikeandbarge-tours.com\/wp-content\/uploads\/c-.webp 800w, https:\/\/bikeandbarge-tours.com\/wp-content\/uploads\/c--300x225.webp 300w, https:\/\/bikeandbarge-tours.com\/wp-content\/uploads\/c--768x576.webp 768w, https:\/\/bikeandbarge-tours.com\/wp-content\/uploads\/c--16x12.webp 16w\" sizes=\"auto, (max-width: 800px) 100vw, 800px\" \/><figcaption class=\"wp-element-caption\">Des navires haut de gamme vous attendent<\/figcaption><\/figure>\n\n\n\n<h2 class=\"wp-block-heading\">Le pouls de notre entreprise<\/h2>\n\n\n\n<p>Notre \u00e9quipe est la force vive de <strong>circuits en v\u00e9lo et en p\u00e9niche<\/strong>Nous sommes des cyclistes, des marins, des explorateurs et des r\u00eaveurs, unis par un objectif commun : le d\u00e9veloppement durable. Nous sommes des cyclistes, des marins, des explorateurs et des r\u00eaveurs, unis par un objectif commun : <strong>partager le plaisir de la d\u00e9couverte<\/strong> et la beaut\u00e9 du voyage \u00e0 travers <strong>Les r\u00e9gions les plus enchanteresses d'Europe<\/strong>.<\/p>\n\n\n\n<p>Nous pensons que les meilleures aventures sont celles o\u00f9 chaque d\u00e9tail est pris en compte. C'est pourquoi nous nous occupons de toute la logistique, de <strong>r\u00e9servation de p\u00e9niches douillettes<\/strong> \u00e0 l'\u00e9laboration d'itin\u00e9raires d\u00e9taill\u00e9s et <strong>fournir des itin\u00e9raires GPS<\/strong>.&nbsp;<\/p>\n\n\n\n<p>Notre \u00e9quipe d'assistance est <strong>disponible 24 heures sur 24, 7 jours sur 7<\/strong>La Commission europ\u00e9enne a mis en place un syst\u00e8me de gestion de l'information qui vous permet de vous immerger dans l'exp\u00e9rience, avec le syst\u00e8me de gestion de l'information de l'Union europ\u00e9enne (UE).<strong> meilleurs guides <\/strong>en t\u00eate de peloton.<\/p>\n\n\n\n<figure class=\"wp-block-image size-full\"><img loading=\"lazy\" decoding=\"async\" width=\"800\" height=\"534\" src=\"http:\/\/bikeandbarge-tours.com\/wp-content\/uploads\/f-ee-b-waterlinie-fietsroute-.webp\" alt=\"F ee b waterlinie fietsroute\" class=\"wp-image-990\" srcset=\"https:\/\/bikeandbarge-tours.com\/wp-content\/uploads\/f-ee-b-waterlinie-fietsroute-.webp 800w, https:\/\/bikeandbarge-tours.com\/wp-content\/uploads\/f-ee-b-waterlinie-fietsroute--300x200.webp 300w, https:\/\/bikeandbarge-tours.com\/wp-content\/uploads\/f-ee-b-waterlinie-fietsroute--768x513.webp 768w, https:\/\/bikeandbarge-tours.com\/wp-content\/uploads\/f-ee-b-waterlinie-fietsroute--18x12.webp 18w\" sizes=\"auto, (max-width: 800px) 100vw, 800px\" \/><figcaption class=\"wp-element-caption\">D\u00e9couvrez les joyaux cach\u00e9s des Pays-Bas\n<\/figcaption><\/figure>\n\n\n\n<h2 class=\"wp-block-heading\">Votre voyage vous attend<\/h2>\n\n\n\n<p>Nous vous invitons \u00e0 vous plonger dans la<strong> <\/strong><a href=\"http:\/\/bikeandbarge-tours.com\/fr\/tournees\/\">une vari\u00e9t\u00e9 de circuits \u00e0 v\u00e9lo et en p\u00e9niche<\/a><strong> <\/strong>que nous proposons. Que vous soyez un explorateur solitaire ou que vous fassiez partie d'un groupe, nos circuits sont con\u00e7us pour <strong>offrir une exp\u00e9rience immersive<\/strong> qui concilie journ\u00e9es actives et soir\u00e9es tranquilles.<\/p>\n\n\n\n<p>Montez \u00e0 bord et laissez-vous guider <strong>Les routes les plus pittoresques d'Europe<\/strong>o\u00f9 chaque tournant est une histoire et chaque arr\u00eat un souvenir en devenir.&nbsp;<\/p>\n\n\n\n<p>Consultez notre <strong>visites guid\u00e9es et autoguid\u00e9es \u00e0 v\u00e9lo et en p\u00e9niche<\/strong> pour une rencontre intime avec le charme de l'Europe, ou participez \u00e0 l'une de nos excursions guid\u00e9es en v\u00e9lo et en p\u00e9niche pour un voyage inoubliable. Votre prochaine aventure n'est qu'\u00e0 un coup de p\u00e9dale.<\/p>\n\n\n\n<p>Et si vous voulez \u00e9largir encore vos horizons, plongez-vous dans la <strong>des offres diversifi\u00e9es<\/strong> de nos marques partenaires, o\u00f9 une multitude d'aventures cyclistes uniques vous attendent.<\/p>\n\n\n\n<ul class=\"wp-block-list\">\n<li><a href=\"https:\/\/bikeandboatcroatia.com\/\">V\u00e9lo et bateau Croatie<\/a><\/li>\n<\/ul>","protected":false},"excerpt":{"rendered":"<p>Bienvenue \u00e0 Bike and Barge Tours, le meilleur choix pour explorer les itin\u00e9raires les plus pittoresques d'Europe \u00e0 v\u00e9lo et en bateau.  Nous sommes l'une des entreprises \u00e0 la croissance la plus rapide dans ce domaine et nous nous sommes rapidement impos\u00e9s en mettant l'accent sur la qualit\u00e9 des exp\u00e9riences, la satisfaction des clients et une gamme vari\u00e9e de circuits qui s'adressent \u00e0 tous les types de voyageurs.  Que vous soyez ici ... <a href=\"https:\/\/bikeandbarge-tours.com\/fr\/about-us\/\">Suite<\/a><\/p>","protected":false},"author":41,"featured_media":1150,"parent":0,"menu_order":0,"comment_status":"closed","ping_status":"closed","template":"","meta":{"_acf_changed":false,"footnotes":""},"class_list":["post-39","page","type-page","status-publish","has-post-thumbnail","hentry"],"acf":{"page_subheading":"Discover Europe's hidden gems with bike and barge tours, where we blend adventure with comfort to create unforgettable cycling holidays for every explorer."},"_links":{"self":[{"href":"https:\/\/bikeandbarge-tours.com\/fr\/wp-json\/wp\/v2\/pages\/39","targetHints":{"allow":["GET"]}}],"collection":[{"href":"https:\/\/bikeandbarge-tours.com\/fr\/wp-json\/wp\/v2\/pages"}],"about":[{"href":"https:\/\/bikeandbarge-tours.com\/fr\/wp-json\/wp\/v2\/types\/page"}],"author":[{"embeddable":true,"href":"https:\/\/bikeandbarge-tours.com\/fr\/wp-json\/wp\/v2\/users\/41"}],"replies":[{"embeddable":true,"href":"https:\/\/bikeandbarge-tours.com\/fr\/wp-json\/wp\/v2\/comments?post=39"}],"version-history":[{"count":8,"href":"https:\/\/bikeandbarge-tours.com\/fr\/wp-json\/wp\/v2\/pages\/39\/revisions"}],"predecessor-version":[{"id":7976,"href":"https:\/\/bikeandbarge-tours.com\/fr\/wp-json\/wp\/v2\/pages\/39\/revisions\/7976"}],"wp:featuredmedia":[{"embeddable":true,"href":"https:\/\/bikeandbarge-tours.com\/fr\/wp-json\/wp\/v2\/media\/1150"}],"wp:attachment":[{"href":"https:\/\/bikeandbarge-tours.com\/fr\/wp-json\/wp\/v2\/media?parent=39"}],"curies":[{"name":"wp","href":"https:\/\/api.w.org\/{rel}","templated":true}]}}