{"id":39,"date":"2023-01-16T13:14:25","date_gmt":"2023-01-16T13:14:25","guid":{"rendered":"https:\/\/bikeandbarge-tours.com\/about-us\/"},"modified":"2024-07-30T06:38:42","modified_gmt":"2024-07-30T06:38:42","slug":"chi-siamo","status":"publish","type":"page","link":"https:\/\/bikeandbarge-tours.com\/it\/about-us\/","title":{"rendered":"Chi siamo"},"content":{"rendered":"<p>Benvenuti a Bike and Barge Tours, la scelta ideale per esplorare la citt\u00e0. <strong>Gli itinerari pi\u00f9 pittoreschi d'Europa in bicicletta e in barca<\/strong>.&nbsp;<\/p>\n\n\n\n<p>Come uno dei <strong>le aziende in pi\u00f9 rapida crescita in questa nicchia<\/strong>Ci siamo rapidamente affermati puntando sulla qualit\u00e0 delle esperienze, sulla soddisfazione dei clienti e su un'esperienza di qualit\u00e0.<strong> una vasta gamma di tour<\/strong> che soddisfano ogni tipo di viaggiatore.&nbsp;<\/p>\n\n\n\n<p>Che siate qui per un giro tranquillo o per un'avventura attiva, ci impegniamo a rendere il vostro viaggio indimenticabile.<\/p>\n\n\n\n<figure class=\"wp-block-image size-full\"><img loading=\"lazy\" decoding=\"async\" width=\"800\" height=\"534\" src=\"http:\/\/bikeandbarge-tours.com\/wp-content\/uploads\/c-f-friesland-schapenpad-1.webp\" alt=\"C friesland schapenpad\" class=\"wp-image-1118\" srcset=\"https:\/\/bikeandbarge-tours.com\/wp-content\/uploads\/c-f-friesland-schapenpad-1.webp 800w, https:\/\/bikeandbarge-tours.com\/wp-content\/uploads\/c-f-friesland-schapenpad-1-300x200.webp 300w, https:\/\/bikeandbarge-tours.com\/wp-content\/uploads\/c-f-friesland-schapenpad-1-768x513.webp 768w, https:\/\/bikeandbarge-tours.com\/wp-content\/uploads\/c-f-friesland-schapenpad-1-18x12.webp 18w\" sizes=\"auto, (max-width: 800px) 100vw, 800px\" \/><figcaption class=\"wp-element-caption\">Scoprite le nostre avventure in bicicletta e in chiatta <\/figcaption><\/figure>\n\n\n\n<h2 class=\"wp-block-heading\">Abbracciare la diversit\u00e0 dell'Europa<\/h2>\n\n\n\n<p>La nostra storia d'amore con <strong>Europa<\/strong> \u00e8 profondamente radicato nel suo <strong>diversit\u00e0<\/strong>dove ogni curva della strada o del fiume svela un nuovo panorama, una nuova sfida e una storia diversa. Dai vigneti baciati dal sole della Francia alle storiche vie d'acqua dei Paesi Bassi, i nostri tour sono concepiti per celebrare il <strong>una miriade di attivit\u00e0<\/strong> che l'Europa ha da offrire.<\/p>\n\n\n\n<p>Con una forte presenza gi\u00e0 consolidata in diversi paesi europei, \u00e8 stata una progressione naturale per noi ampliare i nostri orizzonti.&nbsp;<\/p>\n\n\n\n<p>Il nostro <strong>espansione nel continente<\/strong> ci ha permesso di aprire un mondo di opportunit\u00e0 per un maggior numero di viaggiatori, soddisfacendo sia i ciclisti pi\u00f9 tranquilli che gli avventurieri pi\u00f9 vivaci con il nostro <strong>gamma di gite in bicicletta e in chiatta.<\/strong><\/p>\n\n\n\n<figure class=\"wp-block-image size-full\"><img loading=\"lazy\" decoding=\"async\" width=\"800\" height=\"600\" src=\"http:\/\/bikeandbarge-tours.com\/wp-content\/uploads\/c-.webp\" alt=\"C\" class=\"wp-image-1104\" srcset=\"https:\/\/bikeandbarge-tours.com\/wp-content\/uploads\/c-.webp 800w, https:\/\/bikeandbarge-tours.com\/wp-content\/uploads\/c--300x225.webp 300w, https:\/\/bikeandbarge-tours.com\/wp-content\/uploads\/c--768x576.webp 768w, https:\/\/bikeandbarge-tours.com\/wp-content\/uploads\/c--16x12.webp 16w\" sizes=\"auto, (max-width: 800px) 100vw, 800px\" \/><figcaption class=\"wp-element-caption\">Le navi premium vi aspettano<\/figcaption><\/figure>\n\n\n\n<h2 class=\"wp-block-heading\">Il cuore pulsante della nostra azienda<\/h2>\n\n\n\n<p>Il nostro team \u00e8 la linfa vitale di <strong>tour in bicicletta e in chiatta<\/strong>un collettivo di persone entusiaste il cui cuore batte all'unisono con il ritmo dei pedali e lo sciabordio delle onde. Siamo ciclisti, marinai, esploratori e sognatori, uniti da un obiettivo comune: <strong>condividere la gioia della scoperta<\/strong> e la bellezza del viaggio attraverso <strong>Le regioni pi\u00f9 incantevoli d'Europa<\/strong>.<\/p>\n\n\n\n<p>Crediamo che le migliori avventure siano quelle in cui ogni dettaglio \u00e8 curato. Ecco perch\u00e9 ci occupiamo di tutta la logistica, da <strong>prenotazione di chiatte accoglienti<\/strong> alla realizzazione di itinerari dettagliati e <strong>fornire percorsi GPS<\/strong>.&nbsp;<\/p>\n\n\n\n<p>Il nostro team di assistenza \u00e8 <strong>disponibile 24 ore su 24, 7 giorni su 7<\/strong>per garantire la libert\u00e0 di immergersi nell'esperienza, con il<strong> le migliori guide <\/strong>che guida la strada.<\/p>\n\n\n\n<figure class=\"wp-block-image size-full\"><img loading=\"lazy\" decoding=\"async\" width=\"800\" height=\"534\" src=\"http:\/\/bikeandbarge-tours.com\/wp-content\/uploads\/f-ee-b-waterlinie-fietsroute-.webp\" alt=\"F ee b waterlinie fietsroute\" class=\"wp-image-990\" srcset=\"https:\/\/bikeandbarge-tours.com\/wp-content\/uploads\/f-ee-b-waterlinie-fietsroute-.webp 800w, https:\/\/bikeandbarge-tours.com\/wp-content\/uploads\/f-ee-b-waterlinie-fietsroute--300x200.webp 300w, https:\/\/bikeandbarge-tours.com\/wp-content\/uploads\/f-ee-b-waterlinie-fietsroute--768x513.webp 768w, https:\/\/bikeandbarge-tours.com\/wp-content\/uploads\/f-ee-b-waterlinie-fietsroute--18x12.webp 18w\" sizes=\"auto, (max-width: 800px) 100vw, 800px\" \/><figcaption class=\"wp-element-caption\">Esplora le gemme nascoste dei Paesi Bassi\n<\/figcaption><\/figure>\n\n\n\n<h2 class=\"wp-block-heading\">Il vostro viaggio vi aspetta<\/h2>\n\n\n\n<p>Vi invitiamo ad approfondire la<strong> <\/strong><a href=\"http:\/\/bikeandbarge-tours.com\/it\/tour\/\">variet\u00e0 di tour in bicicletta e in chiatta<\/a><strong> <\/strong>offriamo. Che siate esploratori solitari o parte di un gruppo, i nostri tour sono fatti su misura per <strong>fornire un'esperienza coinvolgente<\/strong> che bilancia giornate attive e serate tranquille.<\/p>\n\n\n\n<p>Salite a bordo e lasciate che vi guidiamo attraverso <strong>Gli itinerari pi\u00f9 panoramici d'Europa<\/strong>dove ogni svolta \u00e8 una storia e ogni sosta \u00e8 un ricordo in divenire.&nbsp;<\/p>\n\n\n\n<p>Scopri il nostro <strong>tour guidati e autoguidati in bicicletta e in chiatta<\/strong> per un incontro intimo con il fascino dell'Europa, oppure unitevi a una delle nostre escursioni guidate in bicicletta e in chiatta per un viaggio indimenticabile. La vostra prossima avventura \u00e8 a portata di pedale.<\/p>\n\n\n\n<p>E se volete ampliare ulteriormente i vostri orizzonti, addentratevi nelle <strong>offerte diversificate<\/strong> dei nostri marchi partner, dove vi aspetta una moltitudine di avventure ciclistiche uniche.<\/p>\n\n\n\n<ul class=\"wp-block-list\">\n<li><a href=\"https:\/\/bikeandboatcroatia.com\/\">Bici e barca Croazia<\/a><\/li>\n<\/ul>","protected":false},"excerpt":{"rendered":"<p>Benvenuti a Bike and Barge Tours, la scelta ideale per esplorare gli itinerari pi\u00f9 pittoreschi d'Europa in bicicletta e in barca.  Come una delle aziende in pi\u00f9 rapida crescita in questa nicchia, ci siamo rapidamente affermati concentrandoci su esperienze di qualit\u00e0, sulla soddisfazione del cliente e su una gamma diversificata di tour che soddisfano ogni tipo di viaggiatore.  Se siete qui ... <a href=\"https:\/\/bikeandbarge-tours.com\/it\/about-us\/\">Continua<\/a><\/p>","protected":false},"author":41,"featured_media":1150,"parent":0,"menu_order":0,"comment_status":"closed","ping_status":"closed","template":"","meta":{"_acf_changed":false,"footnotes":""},"class_list":["post-39","page","type-page","status-publish","has-post-thumbnail","hentry"],"acf":{"page_subheading":"Discover Europe's hidden gems with bike and barge tours, where we blend adventure with comfort to create unforgettable cycling holidays for every explorer."},"_links":{"self":[{"href":"https:\/\/bikeandbarge-tours.com\/it\/wp-json\/wp\/v2\/pages\/39","targetHints":{"allow":["GET"]}}],"collection":[{"href":"https:\/\/bikeandbarge-tours.com\/it\/wp-json\/wp\/v2\/pages"}],"about":[{"href":"https:\/\/bikeandbarge-tours.com\/it\/wp-json\/wp\/v2\/types\/page"}],"author":[{"embeddable":true,"href":"https:\/\/bikeandbarge-tours.com\/it\/wp-json\/wp\/v2\/users\/41"}],"replies":[{"embeddable":true,"href":"https:\/\/bikeandbarge-tours.com\/it\/wp-json\/wp\/v2\/comments?post=39"}],"version-history":[{"count":8,"href":"https:\/\/bikeandbarge-tours.com\/it\/wp-json\/wp\/v2\/pages\/39\/revisions"}],"predecessor-version":[{"id":7976,"href":"https:\/\/bikeandbarge-tours.com\/it\/wp-json\/wp\/v2\/pages\/39\/revisions\/7976"}],"wp:featuredmedia":[{"embeddable":true,"href":"https:\/\/bikeandbarge-tours.com\/it\/wp-json\/wp\/v2\/media\/1150"}],"wp:attachment":[{"href":"https:\/\/bikeandbarge-tours.com\/it\/wp-json\/wp\/v2\/media?parent=39"}],"curies":[{"name":"wp","href":"https:\/\/api.w.org\/{rel}","templated":true}]}}