{"id":39,"date":"2023-01-16T13:14:25","date_gmt":"2023-01-16T13:14:25","guid":{"rendered":"https:\/\/bikeandbarge-tours.com\/about-us\/"},"modified":"2024-07-30T06:38:42","modified_gmt":"2024-07-30T06:38:42","slug":"om-oss","status":"publish","type":"page","link":"https:\/\/bikeandbarge-tours.com\/nb\/about-us\/","title":{"rendered":"Om oss"},"content":{"rendered":"<p>Velkommen til Bike and Barge Tours, det naturlige valget for \u00e5 utforske <strong>Europas mest pittoreske ruter med sykkel og b\u00e5t<\/strong>.&nbsp;<\/p>\n\n\n\n<p>Som en av de <strong>de raskest voksende selskapene i denne nisjen<\/strong>har vi raskt etablert oss ved \u00e5 fokusere p\u00e5 kvalitetsopplevelser, kundetilfredshet og en<strong> mangfoldig utvalg av turer<\/strong> som passer for alle typer reisende.&nbsp;<\/p>\n\n\n\n<p>Enten du er her for en rolig tur eller et aktivt eventyr, er vi opptatt av \u00e5 gj\u00f8re reisen din uforglemmelig.<\/p>\n\n\n\n<figure class=\"wp-block-image size-full\"><img loading=\"lazy\" decoding=\"async\" width=\"800\" height=\"534\" src=\"http:\/\/bikeandbarge-tours.com\/wp-content\/uploads\/c-f-friesland-schapenpad-1.webp\" alt=\"C f friesland schapenpad\" class=\"wp-image-1118\" srcset=\"https:\/\/bikeandbarge-tours.com\/wp-content\/uploads\/c-f-friesland-schapenpad-1.webp 800w, https:\/\/bikeandbarge-tours.com\/wp-content\/uploads\/c-f-friesland-schapenpad-1-300x200.webp 300w, https:\/\/bikeandbarge-tours.com\/wp-content\/uploads\/c-f-friesland-schapenpad-1-768x513.webp 768w, https:\/\/bikeandbarge-tours.com\/wp-content\/uploads\/c-f-friesland-schapenpad-1-18x12.webp 18w\" sizes=\"auto, (max-width: 800px) 100vw, 800px\" \/><figcaption class=\"wp-element-caption\">Ta et dypdykk i v\u00e5re sykkel- og fl\u00e5teopplevelser <\/figcaption><\/figure>\n\n\n\n<h2 class=\"wp-block-heading\">Omfavne Europas mangfold<\/h2>\n\n\n\n<p>V\u00e5r kj\u00e6rlighetsaff\u00e6re med <strong>Europa<\/strong> er dypt forankret i sin <strong>Mangfold<\/strong>hvor hver eneste sving i veien eller elven avdekker en ny utsikt, en ny utfordring og en ny historie. Fra de solkyssede ving\u00e5rdene i Frankrike til de historiske vannveiene i Nederland - turene v\u00e5re er designet for \u00e5 feire de <strong>et utall aktiviteter<\/strong> som Europa har \u00e5 by p\u00e5.<\/p>\n\n\n\n<p>Med en sterk tilstedev\u00e6relse i flere europeiske land var det naturlig for oss \u00e5 utvide horisonten.&nbsp;<\/p>\n\n\n\n<p>V\u00e5r <strong>ekspansjon p\u00e5 tvers av kontinentet<\/strong> har gjort det mulig for oss \u00e5 \u00e5pne opp en verden av muligheter for flere reisende, og vi henvender oss b\u00e5de til den rolige syklisten og den temperamentsfulle eventyreren med v\u00e5r <strong>utvalg av sykkel- og b\u00e5tturer.<\/strong><\/p>\n\n\n\n<figure class=\"wp-block-image size-full\"><img loading=\"lazy\" decoding=\"async\" width=\"800\" height=\"600\" src=\"http:\/\/bikeandbarge-tours.com\/wp-content\/uploads\/c-.webp\" alt=\"C\" class=\"wp-image-1104\" srcset=\"https:\/\/bikeandbarge-tours.com\/wp-content\/uploads\/c-.webp 800w, https:\/\/bikeandbarge-tours.com\/wp-content\/uploads\/c--300x225.webp 300w, https:\/\/bikeandbarge-tours.com\/wp-content\/uploads\/c--768x576.webp 768w, https:\/\/bikeandbarge-tours.com\/wp-content\/uploads\/c--16x12.webp 16w\" sizes=\"auto, (max-width: 800px) 100vw, 800px\" \/><figcaption class=\"wp-element-caption\">F\u00f8rsteklasses skip venter p\u00e5 deg<\/figcaption><\/figure>\n\n\n\n<h2 class=\"wp-block-heading\">Hjerteslaget i selskapet v\u00e5rt<\/h2>\n\n\n\n<p>Teamet v\u00e5rt er livsnerven i <strong>sykkel- og b\u00e5tturer<\/strong>, et kollektiv av entusiastiske mennesker hvis hjerter sl\u00e5r i takt med pedalrytmen og b\u00f8lgeskvulpene. Vi er syklister, seilere, oppdagelsesreisende og dr\u00f8mmere, forent av et felles m\u00e5l: \u00e5 <strong>dele gleden ved \u00e5 oppdage<\/strong> og skj\u00f8nnheten i \u00e5 reise gjennom <strong>Europas mest fortryllende regioner<\/strong>.<\/p>\n\n\n\n<p>Vi mener at de beste eventyrene er de der alle detaljer er ivaretatt. Derfor tar vi h\u00e5nd om all logistikken, fra <strong>bestilling av koselige lektere<\/strong> til \u00e5 lage detaljerte reiseruter og <strong>tilby GPS-ruter<\/strong>.&nbsp;<\/p>\n\n\n\n<p>Supportteamet v\u00e5rt er <strong>tilgjengelig 24\/7<\/strong>og s\u00f8rger for at du har friheten til \u00e5 fordype deg i opplevelsen, med det<strong> de beste guidene <\/strong>viser vei.<\/p>\n\n\n\n<figure class=\"wp-block-image size-full\"><img loading=\"lazy\" decoding=\"async\" width=\"800\" height=\"534\" src=\"http:\/\/bikeandbarge-tours.com\/wp-content\/uploads\/f-ee-b-waterlinie-fietsroute-.webp\" alt=\"F ee b waterlinie fietsroute\" class=\"wp-image-990\" srcset=\"https:\/\/bikeandbarge-tours.com\/wp-content\/uploads\/f-ee-b-waterlinie-fietsroute-.webp 800w, https:\/\/bikeandbarge-tours.com\/wp-content\/uploads\/f-ee-b-waterlinie-fietsroute--300x200.webp 300w, https:\/\/bikeandbarge-tours.com\/wp-content\/uploads\/f-ee-b-waterlinie-fietsroute--768x513.webp 768w, https:\/\/bikeandbarge-tours.com\/wp-content\/uploads\/f-ee-b-waterlinie-fietsroute--18x12.webp 18w\" sizes=\"auto, (max-width: 800px) 100vw, 800px\" \/><figcaption class=\"wp-element-caption\">Utforsk skjulte perler i Nederland\n<\/figcaption><\/figure>\n\n\n\n<h2 class=\"wp-block-heading\">Din reise venter<\/h2>\n\n\n\n<p>Vi inviterer deg til \u00e5 fordype deg i<strong> <\/strong><a href=\"http:\/\/bikeandbarge-tours.com\/nb\/turer\/\">utvalg av sykkel- og b\u00e5tturer<\/a><strong> <\/strong>vi tilbyr. Enten du reiser alene eller er en del av en gruppe, er turene v\u00e5re skreddersydd for \u00e5 passe til <strong>gi en oppslukende opplevelse<\/strong> som balanserer aktive dager med rolige kvelder.<\/p>\n\n\n\n<p>Stig om bord, og la oss veilede deg gjennom <strong>Europas mest naturskj\u00f8nne ruter<\/strong>hvor hver eneste sving er en historie og hvert eneste stopp er et minne i ferd med \u00e5 skapes.&nbsp;<\/p>\n\n\n\n<p>Ta en titt p\u00e5 v\u00e5r <strong>Guidede og selvguidede sykkel- og b\u00e5tturer<\/strong> for et intimt m\u00f8te med Europas sjarm, eller bli med p\u00e5 en av v\u00e5re guidede sykkel- og b\u00e5tturer for en uforglemmelig reise. Ditt neste eventyr er bare en pedaltr\u00e5kk unna.<\/p>\n\n\n\n<p>Og hvis du vil utvide horisonten din ytterligere, kan du fordype deg i <strong>mangfoldig tilbud<\/strong> av v\u00e5re partnermerker, der en rekke unike sykkelopplevelser venter.<\/p>\n\n\n\n<ul class=\"wp-block-list\">\n<li><a href=\"https:\/\/bikeandboatcroatia.com\/\">Sykkel og b\u00e5t Kroatia<\/a><\/li>\n<\/ul>","protected":false},"excerpt":{"rendered":"<p>Velkommen til Bike and Barge Tours, det naturlige valget n\u00e5r du vil utforske Europas mest pittoreske ruter med sykkel og b\u00e5t.  Som et av de raskest voksende selskapene i denne nisjen har vi raskt etablert oss ved \u00e5 fokusere p\u00e5 kvalitetsopplevelser, kundetilfredshet og et variert utvalg av turer som passer for alle typer reisende.  Enten du er her for \u00e5 ... <a href=\"https:\/\/bikeandbarge-tours.com\/nb\/about-us\/\">Fortsettelse<\/a><\/p>","protected":false},"author":41,"featured_media":1150,"parent":0,"menu_order":0,"comment_status":"closed","ping_status":"closed","template":"","meta":{"_acf_changed":false,"footnotes":""},"class_list":["post-39","page","type-page","status-publish","has-post-thumbnail","hentry"],"acf":{"page_subheading":"Discover Europe's hidden gems with bike and barge tours, where we blend adventure with comfort to create unforgettable cycling holidays for every explorer."},"_links":{"self":[{"href":"https:\/\/bikeandbarge-tours.com\/nb\/wp-json\/wp\/v2\/pages\/39","targetHints":{"allow":["GET"]}}],"collection":[{"href":"https:\/\/bikeandbarge-tours.com\/nb\/wp-json\/wp\/v2\/pages"}],"about":[{"href":"https:\/\/bikeandbarge-tours.com\/nb\/wp-json\/wp\/v2\/types\/page"}],"author":[{"embeddable":true,"href":"https:\/\/bikeandbarge-tours.com\/nb\/wp-json\/wp\/v2\/users\/41"}],"replies":[{"embeddable":true,"href":"https:\/\/bikeandbarge-tours.com\/nb\/wp-json\/wp\/v2\/comments?post=39"}],"version-history":[{"count":8,"href":"https:\/\/bikeandbarge-tours.com\/nb\/wp-json\/wp\/v2\/pages\/39\/revisions"}],"predecessor-version":[{"id":7976,"href":"https:\/\/bikeandbarge-tours.com\/nb\/wp-json\/wp\/v2\/pages\/39\/revisions\/7976"}],"wp:featuredmedia":[{"embeddable":true,"href":"https:\/\/bikeandbarge-tours.com\/nb\/wp-json\/wp\/v2\/media\/1150"}],"wp:attachment":[{"href":"https:\/\/bikeandbarge-tours.com\/nb\/wp-json\/wp\/v2\/media?parent=39"}],"curies":[{"name":"wp","href":"https:\/\/api.w.org\/{rel}","templated":true}]}}