{"id":39,"date":"2023-01-16T13:14:25","date_gmt":"2023-01-16T13:14:25","guid":{"rendered":"https:\/\/bikeandbarge-tours.com\/about-us\/"},"modified":"2024-07-30T06:38:42","modified_gmt":"2024-07-30T06:38:42","slug":"o-nas","status":"publish","type":"page","link":"https:\/\/bikeandbarge-tours.com\/pl\/about-us\/","title":{"rendered":"O nas"},"content":{"rendered":"<p>Witamy w Bike and Barge Tours, idealnym miejscu do zwiedzania <strong>Najbardziej malownicze trasy rowerowe i \u017ceglarskie w Europie<\/strong>.&nbsp;<\/p>\n\n\n\n<p>Jako jeden z <strong>najszybciej rozwijaj\u0105cych si\u0119 firm w tej niszy<\/strong>Szybko ugruntowali\u015bmy swoj\u0105 pozycj\u0119, koncentruj\u0105c si\u0119 na wysokiej jako\u015bci do\u015bwiadczeniach, zadowoleniu klient\u00f3w i<strong> R\u00f3\u017cnorodna oferta wycieczek<\/strong> kt\u00f3re zaspokoj\u0105 potrzeby ka\u017cdego podr\u00f3\u017cnika.&nbsp;<\/p>\n\n\n\n<p>Niezale\u017cnie od tego, czy przyjecha\u0142e\u015b tu na spokojn\u0105 przeja\u017cd\u017ck\u0119, czy na aktywn\u0105 przygod\u0119, dok\u0142adamy wszelkich stara\u0144, aby Twoja podr\u00f3\u017c by\u0142a niezapomniana.<\/p>\n\n\n\n<figure class=\"wp-block-image size-full\"><img loading=\"lazy\" decoding=\"async\" width=\"800\" height=\"534\" src=\"http:\/\/bikeandbarge-tours.com\/wp-content\/uploads\/c-f-friesland-schapenpad-1.webp\" alt=\"C friesland schapenpad\" class=\"wp-image-1118\" srcset=\"https:\/\/bikeandbarge-tours.com\/wp-content\/uploads\/c-f-friesland-schapenpad-1.webp 800w, https:\/\/bikeandbarge-tours.com\/wp-content\/uploads\/c-f-friesland-schapenpad-1-300x200.webp 300w, https:\/\/bikeandbarge-tours.com\/wp-content\/uploads\/c-f-friesland-schapenpad-1-768x513.webp 768w, https:\/\/bikeandbarge-tours.com\/wp-content\/uploads\/c-f-friesland-schapenpad-1-18x12.webp 18w\" sizes=\"auto, (max-width: 800px) 100vw, 800px\" \/><figcaption class=\"wp-element-caption\">Poznaj nasze przygody na rowerze i barce <\/figcaption><\/figure>\n\n\n\n<h2 class=\"wp-block-heading\">Obejmuj\u0105c r\u00f3\u017cnorodno\u015b\u0107 Europy<\/h2>\n\n\n\n<p>Nasz romans z <strong>Europa<\/strong> jest g\u0142\u0119boko zakorzeniona w jego <strong>r\u00f3\u017cnorodno\u015b\u0107<\/strong>gdzie ka\u017cdy zakr\u0119t drogi lub rzeki ods\u0142ania nowy widok, nowe wyzwanie i inn\u0105 histori\u0119. Od sk\u0105panych w s\u0142o\u0144cu winnic Francji po historyczne szlaki wodne Holandii, nasze wycieczki s\u0105 zaprojektowane tak, aby \u015bwi\u0119towa\u0107 <strong>niezliczone dzia\u0142ania<\/strong> co Europa ma do zaoferowania.<\/p>\n\n\n\n<p>Maj\u0105c ju\u017c siln\u0105 pozycj\u0119 w r\u00f3\u017cnych krajach europejskich, naturalnym krokiem by\u0142o dla nas poszerzenie naszych horyzont\u00f3w.&nbsp;<\/p>\n\n\n\n<p>Nasz <strong>ekspansja na ca\u0142ym kontynencie<\/strong> Pozwoli\u0142o nam to otworzy\u0107 \u015bwiat mo\u017cliwo\u015bci dla wi\u0119kszej liczby podr\u00f3\u017cnych, zaspokajaj\u0105c potrzeby zar\u00f3wno spokojnych je\u017ad\u017ac\u00f3w, jak i zapalonych poszukiwaczy przyg\u00f3d dzi\u0119ki naszym <strong>oferta wycieczek rowerowych i barkowych.<\/strong><\/p>\n\n\n\n<figure class=\"wp-block-image size-full\"><img loading=\"lazy\" decoding=\"async\" width=\"800\" height=\"600\" src=\"http:\/\/bikeandbarge-tours.com\/wp-content\/uploads\/c-.webp\" alt=\"C\" class=\"wp-image-1104\" srcset=\"https:\/\/bikeandbarge-tours.com\/wp-content\/uploads\/c-.webp 800w, https:\/\/bikeandbarge-tours.com\/wp-content\/uploads\/c--300x225.webp 300w, https:\/\/bikeandbarge-tours.com\/wp-content\/uploads\/c--768x576.webp 768w, https:\/\/bikeandbarge-tours.com\/wp-content\/uploads\/c--16x12.webp 16w\" sizes=\"auto, (max-width: 800px) 100vw, 800px\" \/><figcaption class=\"wp-element-caption\">Statki premium czekaj\u0105 na Ciebie<\/figcaption><\/figure>\n\n\n\n<h2 class=\"wp-block-heading\">Bicie serca naszej firmy<\/h2>\n\n\n\n<p>Nasz zesp\u00f3\u0142 jest si\u0142\u0105 nap\u0119dow\u0105 <strong>wycieczki rowerowe i barki<\/strong>Jeste\u015bmy kolektywem entuzjastycznych os\u00f3b, kt\u00f3rych serca bij\u0105 zgodnie z rytmem peda\u0142\u00f3w i szumu fal. Jeste\u015bmy rowerzystami, \u017ceglarzami, odkrywcami i marzycielami, zjednoczonymi wsp\u00f3lnym celem: aby <strong>Dziel si\u0119 rado\u015bci\u0105 odkrywania<\/strong> i pi\u0119kno podr\u00f3\u017cy przez <strong>Najbardziej urokliwe regiony Europy<\/strong>.<\/p>\n\n\n\n<p>Wierzymy, \u017ce najlepsze przygody to te, w kt\u00f3rych zadbano o ka\u017cdy szczeg\u00f3\u0142. Dlatego zajmujemy si\u0119 ca\u0142\u0105 logistyk\u0105, od <strong>rezerwacja przytulnych barek<\/strong> do tworzenia szczeg\u00f3\u0142owych plan\u00f3w podr\u00f3\u017cy i <strong>dostarczanie tras GPS<\/strong>.&nbsp;<\/p>\n\n\n\n<p>Nasz zesp\u00f3\u0142 wsparcia to <strong>dost\u0119pny 24\/7<\/strong>, zapewniaj\u0105c swobod\u0119 zanurzenia si\u0119 w do\u015bwiadczeniu, z<strong> najlepsze przewodniki <\/strong>prowadzenie.<\/p>\n\n\n\n<figure class=\"wp-block-image size-full\"><img loading=\"lazy\" decoding=\"async\" width=\"800\" height=\"534\" src=\"http:\/\/bikeandbarge-tours.com\/wp-content\/uploads\/f-ee-b-waterlinie-fietsroute-.webp\" alt=\"F ee b waterlinie fietsroute\" class=\"wp-image-990\" srcset=\"https:\/\/bikeandbarge-tours.com\/wp-content\/uploads\/f-ee-b-waterlinie-fietsroute-.webp 800w, https:\/\/bikeandbarge-tours.com\/wp-content\/uploads\/f-ee-b-waterlinie-fietsroute--300x200.webp 300w, https:\/\/bikeandbarge-tours.com\/wp-content\/uploads\/f-ee-b-waterlinie-fietsroute--768x513.webp 768w, https:\/\/bikeandbarge-tours.com\/wp-content\/uploads\/f-ee-b-waterlinie-fietsroute--18x12.webp 18w\" sizes=\"auto, (max-width: 800px) 100vw, 800px\" \/><figcaption class=\"wp-element-caption\">Odkryj ukryte skarby Holandii\n<\/figcaption><\/figure>\n\n\n\n<h2 class=\"wp-block-heading\">Twoja podr\u00f3\u017c czeka<\/h2>\n\n\n\n<p>Zapraszamy do zag\u0142\u0119bienia si\u0119 w<strong> <\/strong><a href=\"http:\/\/bikeandbarge-tours.com\/pl\/wycieczki\/\">r\u00f3\u017cnorodne wycieczki rowerowe i barkowe<\/a><strong> <\/strong>OFERUJEMY. Niezale\u017cnie od tego, czy jeste\u015b samotnym odkrywc\u0105, czy cz\u0119\u015bci\u0105 grupy, nasze wycieczki s\u0105 dostosowane do <strong>zapewni\u0107 wci\u0105gaj\u0105ce do\u015bwiadczenie<\/strong> kt\u00f3ry r\u00f3wnowa\u017cy aktywne dni ze spokojnymi wieczorami.<\/p>\n\n\n\n<p>Wejd\u017a na pok\u0142ad i pozw\u00f3l nam poprowadzi\u0107 Ci\u0119 przez <strong>Najbardziej malownicze trasy w Europie<\/strong>gdzie ka\u017cdy zakr\u0119t jest histori\u0105, a ka\u017cdy przystanek wspomnieniem.&nbsp;<\/p>\n\n\n\n<p>Sprawd\u017a nasze <strong>Wycieczki rowerowe z przewodnikiem i samodzielne wycieczki bark\u0105<\/strong> na intymne spotkanie z urokiem Europy lub do\u0142\u0105cz do jednej z naszych wycieczek rowerowych i barkowych z przewodnikiem, aby odby\u0107 niezapomnian\u0105 podr\u00f3\u017c. Kolejna przygoda jest ju\u017c tylko o krok.<\/p>\n\n\n\n<p>A je\u015bli chcesz jeszcze bardziej poszerzy\u0107 swoje horyzonty, zag\u0142\u0119b si\u0119 w <strong>zr\u00f3\u017cnicowana oferta<\/strong> naszych marek partnerskich, gdzie czeka wiele wyj\u0105tkowych przyg\u00f3d rowerowych.<\/p>\n\n\n\n<ul class=\"wp-block-list\">\n<li><a href=\"https:\/\/bikeandboatcroatia.com\/\">Rower i \u0142\u00f3d\u017a Chorwacja<\/a><\/li>\n<\/ul>","protected":false},"excerpt":{"rendered":"<p>Witamy w Bike and Barge Tours, najlepszym wyborze do odkrywania najbardziej malowniczych tras Europy rowerem i \u0142odzi\u0105.  Jako jedna z najszybciej rozwijaj\u0105cych si\u0119 firm w tej niszy, szybko ugruntowali\u015bmy swoj\u0105 pozycj\u0119, koncentruj\u0105c si\u0119 na wysokiej jako\u015bci do\u015bwiadczeniach, zadowoleniu klient\u00f3w i zr\u00f3\u017cnicowanej ofercie wycieczek, kt\u00f3re zaspokoj\u0105 potrzeby ka\u017cdego podr\u00f3\u017cnika.  Niezale\u017cnie od tego, czy jeste\u015b tutaj ... <a href=\"https:\/\/bikeandbarge-tours.com\/pl\/about-us\/\">Ci\u0105g dalszy<\/a><\/p>","protected":false},"author":41,"featured_media":1150,"parent":0,"menu_order":0,"comment_status":"closed","ping_status":"closed","template":"","meta":{"_acf_changed":false,"footnotes":""},"class_list":["post-39","page","type-page","status-publish","has-post-thumbnail","hentry"],"acf":{"page_subheading":"Discover Europe's hidden gems with bike and barge tours, where we blend adventure with comfort to create unforgettable cycling holidays for every explorer."},"_links":{"self":[{"href":"https:\/\/bikeandbarge-tours.com\/pl\/wp-json\/wp\/v2\/pages\/39","targetHints":{"allow":["GET"]}}],"collection":[{"href":"https:\/\/bikeandbarge-tours.com\/pl\/wp-json\/wp\/v2\/pages"}],"about":[{"href":"https:\/\/bikeandbarge-tours.com\/pl\/wp-json\/wp\/v2\/types\/page"}],"author":[{"embeddable":true,"href":"https:\/\/bikeandbarge-tours.com\/pl\/wp-json\/wp\/v2\/users\/41"}],"replies":[{"embeddable":true,"href":"https:\/\/bikeandbarge-tours.com\/pl\/wp-json\/wp\/v2\/comments?post=39"}],"version-history":[{"count":8,"href":"https:\/\/bikeandbarge-tours.com\/pl\/wp-json\/wp\/v2\/pages\/39\/revisions"}],"predecessor-version":[{"id":7976,"href":"https:\/\/bikeandbarge-tours.com\/pl\/wp-json\/wp\/v2\/pages\/39\/revisions\/7976"}],"wp:featuredmedia":[{"embeddable":true,"href":"https:\/\/bikeandbarge-tours.com\/pl\/wp-json\/wp\/v2\/media\/1150"}],"wp:attachment":[{"href":"https:\/\/bikeandbarge-tours.com\/pl\/wp-json\/wp\/v2\/media?parent=39"}],"curies":[{"name":"wp","href":"https:\/\/api.w.org\/{rel}","templated":true}]}}