{"id":39,"date":"2023-01-16T13:14:25","date_gmt":"2023-01-16T13:14:25","guid":{"rendered":"https:\/\/bikeandbarge-tours.com\/about-us\/"},"modified":"2024-07-30T06:38:42","modified_gmt":"2024-07-30T06:38:42","slug":"om-oss","status":"publish","type":"page","link":"https:\/\/bikeandbarge-tours.com\/sv\/about-us\/","title":{"rendered":"Om oss"},"content":{"rendered":"<p>V\u00e4lkommen till Bike and Barge Tours, det sj\u00e4lvklara valet f\u00f6r att utforska <strong>Europas mest pittoreska rutter med cykel och b\u00e5t<\/strong>.&nbsp;<\/p>\n\n\n\n<p>Som en av de <strong>snabbast v\u00e4xande f\u00f6retag inom denna nisch<\/strong>har vi snabbt etablerat oss genom att fokusera p\u00e5 kvalitetsupplevelser, kundn\u00f6jdhet och en<strong> m\u00e5ngsidigt utbud av turer<\/strong> som passar alla typer av resen\u00e4rer.&nbsp;<\/p>\n\n\n\n<p>Oavsett om du \u00e4r h\u00e4r f\u00f6r en lugn resa eller ett aktivt \u00e4ventyr \u00e4r vi fast beslutna att g\u00f6ra din resa of\u00f6rgl\u00f6mlig.<\/p>\n\n\n\n<figure class=\"wp-block-image size-full\"><img loading=\"lazy\" decoding=\"async\" width=\"800\" height=\"534\" src=\"http:\/\/bikeandbarge-tours.com\/wp-content\/uploads\/c-f-friesland-schapenpad-1.webp\" alt=\"C f friesland schapenpad\" class=\"wp-image-1118\" srcset=\"https:\/\/bikeandbarge-tours.com\/wp-content\/uploads\/c-f-friesland-schapenpad-1.webp 800w, https:\/\/bikeandbarge-tours.com\/wp-content\/uploads\/c-f-friesland-schapenpad-1-300x200.webp 300w, https:\/\/bikeandbarge-tours.com\/wp-content\/uploads\/c-f-friesland-schapenpad-1-768x513.webp 768w, https:\/\/bikeandbarge-tours.com\/wp-content\/uploads\/c-f-friesland-schapenpad-1-18x12.webp 18w\" sizes=\"auto, (max-width: 800px) 100vw, 800px\" \/><figcaption class=\"wp-element-caption\">Ta del av v\u00e5ra \u00e4ventyr med cykel och pr\u00e5m <\/figcaption><\/figure>\n\n\n\n<h2 class=\"wp-block-heading\">Att omfamna Europas m\u00e5ngfald<\/h2>\n\n\n\n<p>V\u00e5r k\u00e4rleksaff\u00e4r med <strong>Europa<\/strong> \u00e4r djupt rotad i sin <strong>m\u00e5ngfald<\/strong>, d\u00e4r varje kr\u00f6k p\u00e5 v\u00e4gen eller i floden bjuder p\u00e5 en ny vy, en ny utmaning och en annorlunda historia. Fr\u00e5n de solkyssta ving\u00e5rdarna i Frankrike till de historiska vattenv\u00e4garna i Nederl\u00e4nderna - v\u00e5ra resor \u00e4r utformade f\u00f6r att fira <strong>en myriad av aktiviteter<\/strong> som Europa har att erbjuda.<\/p>\n\n\n\n<p>Med en stark n\u00e4rvaro i olika europeiska l\u00e4nder var det en naturlig utveckling f\u00f6r oss att vidga v\u00e5ra vyer.&nbsp;<\/p>\n\n\n\n<p>V\u00e5r <strong>expansion \u00f6ver hela kontinenten<\/strong> har gjort det m\u00f6jligt f\u00f6r oss att \u00f6ppna upp en v\u00e4rld av m\u00f6jligheter f\u00f6r fler resen\u00e4rer, och tillgodose b\u00e5de den lugna cyklisten och den pigga \u00e4ventyraren med v\u00e5r <strong>utbud av cykel- och pr\u00e5mresor.<\/strong><\/p>\n\n\n\n<figure class=\"wp-block-image size-full\"><img loading=\"lazy\" decoding=\"async\" width=\"800\" height=\"600\" src=\"http:\/\/bikeandbarge-tours.com\/wp-content\/uploads\/c-.webp\" alt=\"C\" class=\"wp-image-1104\" srcset=\"https:\/\/bikeandbarge-tours.com\/wp-content\/uploads\/c-.webp 800w, https:\/\/bikeandbarge-tours.com\/wp-content\/uploads\/c--300x225.webp 300w, https:\/\/bikeandbarge-tours.com\/wp-content\/uploads\/c--768x576.webp 768w, https:\/\/bikeandbarge-tours.com\/wp-content\/uploads\/c--16x12.webp 16w\" sizes=\"auto, (max-width: 800px) 100vw, 800px\" \/><figcaption class=\"wp-element-caption\">Premiumfartyg v\u00e4ntar p\u00e5 dig<\/figcaption><\/figure>\n\n\n\n<h2 class=\"wp-block-heading\">Hj\u00e4rtslagen i v\u00e5rt f\u00f6retag<\/h2>\n\n\n\n<p>V\u00e5rt team \u00e4r livsnerven i v\u00e5r <strong>cykel- och pr\u00e5mturer<\/strong>, ett kollektiv av entusiastiska individer vars hj\u00e4rtan sl\u00e5r i takt med pedalernas rytm och v\u00e5gornas skvalpande. Vi \u00e4r cyklister, seglare, uppt\u00e4cktsresande och dr\u00f6mmare som f\u00f6renas av ett gemensamt m\u00e5l: att <strong>dela gl\u00e4djen i att uppt\u00e4cka<\/strong> och sk\u00f6nheten i att resa genom <strong>Europas mest f\u00f6rtrollande regioner<\/strong>.<\/p>\n\n\n\n<p>Vi tror att de b\u00e4sta \u00e4ventyren \u00e4r de d\u00e4r varje detalj \u00e4r omh\u00e4ndertagen. Det \u00e4r d\u00e4rf\u00f6r vi hanterar all logistik, fr\u00e5n <strong>bokning av mysiga pr\u00e5mar<\/strong> till att skapa detaljerade resplaner och <strong>tillhandah\u00e5lla GPS-rutter<\/strong>.&nbsp;<\/p>\n\n\n\n<p>V\u00e5rt supportteam \u00e4r <strong>tillg\u00e4nglig 24\/7<\/strong>, vilket s\u00e4kerst\u00e4ller att du har friheten att f\u00f6rdjupa dig i upplevelsen, med<strong> b\u00e4sta guiderna <\/strong>som visar v\u00e4gen.<\/p>\n\n\n\n<figure class=\"wp-block-image size-full\"><img loading=\"lazy\" decoding=\"async\" width=\"800\" height=\"534\" src=\"http:\/\/bikeandbarge-tours.com\/wp-content\/uploads\/f-ee-b-waterlinie-fietsroute-.webp\" alt=\"F ee b vattenlinje fietsroute\" class=\"wp-image-990\" srcset=\"https:\/\/bikeandbarge-tours.com\/wp-content\/uploads\/f-ee-b-waterlinie-fietsroute-.webp 800w, https:\/\/bikeandbarge-tours.com\/wp-content\/uploads\/f-ee-b-waterlinie-fietsroute--300x200.webp 300w, https:\/\/bikeandbarge-tours.com\/wp-content\/uploads\/f-ee-b-waterlinie-fietsroute--768x513.webp 768w, https:\/\/bikeandbarge-tours.com\/wp-content\/uploads\/f-ee-b-waterlinie-fietsroute--18x12.webp 18w\" sizes=\"auto, (max-width: 800px) 100vw, 800px\" \/><figcaption class=\"wp-element-caption\">Utforska dolda p\u00e4rlor i Nederl\u00e4nderna\n<\/figcaption><\/figure>\n\n\n\n<h2 class=\"wp-block-heading\">Din resa v\u00e4ntar<\/h2>\n\n\n\n<p>Vi inbjuder dig att f\u00f6rdjupa dig i<strong> <\/strong><a href=\"http:\/\/bikeandbarge-tours.com\/sv\/turer\/\">olika cykel- och pr\u00e5mturer<\/a><strong> <\/strong>vi erbjuder. Oavsett om du \u00e4r en ensam uppt\u00e4cktsresande eller en del av en grupp, \u00e4r v\u00e5ra resor skr\u00e4ddarsydda f\u00f6r att <strong>ge en uppslukande upplevelse<\/strong> som balanserar aktiva dagar med lugna kv\u00e4llar.<\/p>\n\n\n\n<p>Kliv ombord och l\u00e5t oss guida dig genom <strong>Europas mest natursk\u00f6na v\u00e4gar<\/strong>, d\u00e4r varje sv\u00e4ng \u00e4r en historia och varje stopp \u00e4r ett minne i vardande.&nbsp;<\/p>\n\n\n\n<p>Kolla in v\u00e5r <strong>guidade och sj\u00e4lvguidade cykel- och pr\u00e5mturer<\/strong> f\u00f6r ett intimt m\u00f6te med Europas charm, eller f\u00f6lj med p\u00e5 en av v\u00e5ra guidade cykel- och pr\u00e5mresor f\u00f6r en of\u00f6rgl\u00f6mlig resa. Ditt n\u00e4sta \u00e4ventyr \u00e4r bara en pedal bort.<\/p>\n\n\n\n<p>Och om du vill vidga dina vyer ytterligare kan du f\u00f6rdjupa dig i <strong>olika erbjudanden<\/strong> av v\u00e5ra partnervarum\u00e4rken, d\u00e4r en m\u00e4ngd unika cykel\u00e4ventyr v\u00e4ntar.<\/p>\n\n\n\n<ul class=\"wp-block-list\">\n<li><a href=\"https:\/\/bikeandboatcroatia.com\/\">Cykel och b\u00e5t Kroatien<\/a><\/li>\n<\/ul>","protected":false},"excerpt":{"rendered":"<p>V\u00e4lkommen till Bike and Barge Tours, det sj\u00e4lvklara valet f\u00f6r dig som vill utforska Europas mest pittoreska v\u00e4gar med cykel och b\u00e5t.  Som ett av de snabbast v\u00e4xande f\u00f6retagen inom denna nisch har vi snabbt etablerat oss genom att fokusera p\u00e5 kvalitetsupplevelser, kundn\u00f6jdhet och ett varierat utbud av turer som passar alla typer av resen\u00e4rer.  Oavsett om du \u00e4r h\u00e4r ... <a href=\"https:\/\/bikeandbarge-tours.com\/sv\/about-us\/\">Forts\u00e4ttning<\/a><\/p>","protected":false},"author":41,"featured_media":1150,"parent":0,"menu_order":0,"comment_status":"closed","ping_status":"closed","template":"","meta":{"_acf_changed":false,"footnotes":""},"class_list":["post-39","page","type-page","status-publish","has-post-thumbnail","hentry"],"acf":{"page_subheading":"Discover Europe's hidden gems with bike and barge tours, where we blend adventure with comfort to create unforgettable cycling holidays for every explorer."},"_links":{"self":[{"href":"https:\/\/bikeandbarge-tours.com\/sv\/wp-json\/wp\/v2\/pages\/39","targetHints":{"allow":["GET"]}}],"collection":[{"href":"https:\/\/bikeandbarge-tours.com\/sv\/wp-json\/wp\/v2\/pages"}],"about":[{"href":"https:\/\/bikeandbarge-tours.com\/sv\/wp-json\/wp\/v2\/types\/page"}],"author":[{"embeddable":true,"href":"https:\/\/bikeandbarge-tours.com\/sv\/wp-json\/wp\/v2\/users\/41"}],"replies":[{"embeddable":true,"href":"https:\/\/bikeandbarge-tours.com\/sv\/wp-json\/wp\/v2\/comments?post=39"}],"version-history":[{"count":8,"href":"https:\/\/bikeandbarge-tours.com\/sv\/wp-json\/wp\/v2\/pages\/39\/revisions"}],"predecessor-version":[{"id":7976,"href":"https:\/\/bikeandbarge-tours.com\/sv\/wp-json\/wp\/v2\/pages\/39\/revisions\/7976"}],"wp:featuredmedia":[{"embeddable":true,"href":"https:\/\/bikeandbarge-tours.com\/sv\/wp-json\/wp\/v2\/media\/1150"}],"wp:attachment":[{"href":"https:\/\/bikeandbarge-tours.com\/sv\/wp-json\/wp\/v2\/media?parent=39"}],"curies":[{"name":"wp","href":"https:\/\/api.w.org\/{rel}","templated":true}]}}