{"id":45,"date":"2023-01-16T13:14:25","date_gmt":"2023-01-16T13:14:25","guid":{"rendered":"https:\/\/bikeandbarge-tours.com\/climate-emergency\/"},"modified":"2023-05-09T08:32:38","modified_gmt":"2023-05-09T08:32:38","slug":"klimatnodlage","status":"publish","type":"page","link":"https:\/\/bikeandbarge-tours.com\/sv\/climate-emergency\/","title":{"rendered":"Klimatkatastrof"},"content":{"rendered":"<h2 class=\"wp-block-heading\" id=\"headline-33-8554\">Vi utlyser ett klimatn\u00f6dl\u00e4ge<\/h2>\n\n\n\n<p>Vi har anslutit oss till Tourism Declares, ett initiativ som hj\u00e4lper turistf\u00f6retag, organisationer och privatpersoner att utlysa klimatn\u00f6dl\u00e4ge och vidta m\u00e5lmedvetna \u00e5tg\u00e4rder f\u00f6r att minska sina koldioxidutsl\u00e4pp i enlighet med rekommendationerna fr\u00e5n FN:s klimatpanel (IPCC) om att minska de globala koldioxidutsl\u00e4ppen till 55% under 2017 \u00e5rs niv\u00e5er senast 2030.&nbsp;<\/p>\n\n\n\n<p>Liksom alla undertecknare har vi \u00e5tagit oss f\u00f6ljande fem \u00e5tg\u00e4rder:<\/p>\n\n\n\n<ol class=\"wp-block-list\">\n<li>Utveckla en \"klimatberedskapsplan\" inom de n\u00e4rmaste 12 m\u00e5naderna, som anger v\u00e5ra avsikter att minska koldioxidutsl\u00e4ppen under det kommande decenniet.<\/li>\n\n\n\n<li>Dela med oss av en f\u00f6rsta offentlig f\u00f6rklaring av v\u00e5r \"klimatn\u00f6dplan\" och uppdatera om framstegen varje \u00e5r.<\/li>\n\n\n\n<li>Acceptera nuvarande IPCC-r\u00e5d som anger behovet av att minska de globala koldioxidutsl\u00e4ppen till 55% under 2017 \u00e5rs niv\u00e5er till 2030 f\u00f6r att h\u00e5lla planeten inom 1,5 graders uppv\u00e4rmning. Vi ska se till att v\u00e5r \"Climate Emergency Plan\" inneh\u00e5ller \u00e5tg\u00e4rder som \u00e4r utformade f\u00f6r att uppn\u00e5 detta som ett minimum, genom att leverera transparenta, m\u00e4tbara och \u00f6kande minskningar av de totala koldioxidutsl\u00e4ppen per kund som h\u00e4rr\u00f6r fr\u00e5n v\u00e5r verksamhet och de resetj\u00e4nster som s\u00e4ljs av oss.&nbsp;<\/li>\n\n\n\n<li>Uppmuntra v\u00e5ra leverant\u00f6rer och partners att g\u00f6ra samma deklaration, dela med sig av b\u00e4sta praxis bland kollegor och aktivt delta i Tourism Declares community.<\/li>\n\n\n\n<li>F\u00f6respr\u00e5ka f\u00f6r\u00e4ndring. Vi inser att det kr\u00e4vs systemf\u00f6r\u00e4ndringar i hela branschen f\u00f6r att p\u00e5skynda en r\u00e4ttvis \u00f6verg\u00e5ng till koldioxidfri turism.<\/li>\n<\/ol>\n\n\n\n<p>\u00d6verv\u00e4g \u00e4ven att deklarera p\u00e5&nbsp;<a href=\"https:\/\/www.tourismdeclares.com\/\" target=\"_blank\" rel=\"noreferrer noopener\">www.tourismdeclares.com<\/a>och f\u00f6lj @tourismdeclares p\u00e5 Twitter, Facebook eller Linkedin<\/p>","protected":false},"excerpt":{"rendered":"<p>Vi deklarerar ett klimatn\u00f6dl\u00e4ge Vi har anslutit oss till Tourism Declares, ett initiativ som hj\u00e4lper turistf\u00f6retag, organisationer och individer att deklarera ett klimatn\u00f6dl\u00e4ge och vidta m\u00e5lmedvetna \u00e5tg\u00e4rder f\u00f6r att minska sina koldioxidutsl\u00e4pp i enlighet med r\u00e5det fr\u00e5n den mellanstatliga panelen f\u00f6r klimatf\u00f6r\u00e4ndringar (IPCC) att minska de globala koldioxidutsl\u00e4ppen till 55% under 2017... <a href=\"https:\/\/bikeandbarge-tours.com\/sv\/climate-emergency\/\">Forts\u00e4ttning<\/a><\/p>","protected":false},"author":41,"featured_media":0,"parent":0,"menu_order":0,"comment_status":"open","ping_status":"open","template":"","meta":{"_acf_changed":false,"footnotes":""},"class_list":["post-45","page","type-page","status-publish","hentry"],"acf":{"page_subheading":""},"_links":{"self":[{"href":"https:\/\/bikeandbarge-tours.com\/sv\/wp-json\/wp\/v2\/pages\/45","targetHints":{"allow":["GET"]}}],"collection":[{"href":"https:\/\/bikeandbarge-tours.com\/sv\/wp-json\/wp\/v2\/pages"}],"about":[{"href":"https:\/\/bikeandbarge-tours.com\/sv\/wp-json\/wp\/v2\/types\/page"}],"author":[{"embeddable":true,"href":"https:\/\/bikeandbarge-tours.com\/sv\/wp-json\/wp\/v2\/users\/41"}],"replies":[{"embeddable":true,"href":"https:\/\/bikeandbarge-tours.com\/sv\/wp-json\/wp\/v2\/comments?post=45"}],"version-history":[{"count":5,"href":"https:\/\/bikeandbarge-tours.com\/sv\/wp-json\/wp\/v2\/pages\/45\/revisions"}],"predecessor-version":[{"id":373,"href":"https:\/\/bikeandbarge-tours.com\/sv\/wp-json\/wp\/v2\/pages\/45\/revisions\/373"}],"wp:attachment":[{"href":"https:\/\/bikeandbarge-tours.com\/sv\/wp-json\/wp\/v2\/media?parent=45"}],"curies":[{"name":"wp","href":"https:\/\/api.w.org\/{rel}","templated":true}]}}